{"id":1538,"date":"2021-01-14T07:38:03","date_gmt":"2021-01-14T07:38:03","guid":{"rendered":"http:\/\/carlayacomini.com\/?page_id=1538"},"modified":"2021-02-22T10:18:14","modified_gmt":"2021-02-22T10:18:14","slug":"aviso-legal-y-politica-de-privacidad","status":"publish","type":"page","link":"https:\/\/carlayacomini.com\/?page_id=1538&lang=es","title":{"rendered":"Aviso legal y Pol\u00edtica de privacidad"},"content":{"rendered":"\t\t<div data-elementor-type=\"wp-page\" data-elementor-id=\"1538\" class=\"elementor elementor-1538\">\n\t\t\t\t\t\t<section class=\"elementor-section elementor-top-section elementor-element elementor-element-934da25 elementor-section-height-min-height elementor-section-boxed elementor-section-height-default elementor-section-items-middle\" data-id=\"934da25\" data-element_type=\"section\" data-e-type=\"section\" data-settings=\"{&quot;background_background&quot;:&quot;classic&quot;}\">\n\t\t\t\t\t\t\t<div class=\"elementor-background-overlay\"><\/div>\n\t\t\t\t\t\t\t<div class=\"elementor-container elementor-column-gap-default\">\n\t\t\t\t\t<div class=\"elementor-column elementor-col-100 elementor-top-column elementor-element elementor-element-b86e465\" data-id=\"b86e465\" data-element_type=\"column\" data-e-type=\"column\">\n\t\t\t<div class=\"elementor-widget-wrap\">\n\t\t\t\t\t\t\t<\/div>\n\t\t<\/div>\n\t\t\t\t\t<\/div>\n\t\t<\/section>\n\t\t\t\t<section class=\"elementor-section elementor-top-section elementor-element elementor-element-41e544d elementor-section-boxed elementor-section-height-default elementor-section-height-default\" data-id=\"41e544d\" data-element_type=\"section\" data-e-type=\"section\">\n\t\t\t\t\t\t<div class=\"elementor-container elementor-column-gap-default\">\n\t\t\t\t\t<div class=\"elementor-column elementor-col-100 elementor-top-column elementor-element elementor-element-e09d143\" data-id=\"e09d143\" data-element_type=\"column\" data-e-type=\"column\">\n\t\t\t<div class=\"elementor-widget-wrap elementor-element-populated\">\n\t\t\t\t\t\t<div class=\"elementor-element elementor-element-2781650 elementor-widget elementor-widget-text-editor\" data-id=\"2781650\" data-element_type=\"widget\" data-e-type=\"widget\" data-widget_type=\"text-editor.default\">\n\t\t\t\t<div class=\"elementor-widget-container\">\n\t\t\t\t\t\t\t\t\t<h2 style=\"color: #2e569d;\">Aviso legal<\/h2><p>El sitio web de www.carlayacomini.com es propiedad de CARLA FRANCISCA YACOMINI con CIF Y5429556Y en C \/ MESTRAL 9 de PORTO CRISTO en Mallorca, Espa\u00f1a (en adelante CARLA YACOMINI), Para cualquier consulta o propuesta, cont\u00e1ctenos en el e-mail: carla .yacomini @ gmail.com<\/p><p>El sitio web de CARLA YACOMINI tiene como finalidad dar a conocer al p\u00fablico en general las actividades que realiza y los servicios que presta.<\/p><p>CARLA YACOMINI se reserva el derecho a realizar, en cualquier momento y sin previo aviso, modificaciones en la informaci\u00f3n contenida en su sitio web o en la configuraci\u00f3n y presentaci\u00f3n de este.<\/p><p>Al acceder a este sitio web, se acepta que CARLA YACOMINI no ser\u00e1 responsable de ninguna consecuencia, da\u00f1o o perjuicio que pudieran derivarse de dicho acceso o uso de la informaci\u00f3n de dicho sitio web o del acceso a otros materiales en Internet a trav\u00e9s de conexiones con esta p\u00e1gina web.<\/p><p>El Copyright del material contenido en esta Web es propiedad de CARLA YACOMINI. El acceso al mismo no implica licencia para su reproducci\u00f3n y \/ o distribuci\u00f3n y no est\u00e1 permitido hacerlo sin el consentimiento previo de CARLA YACOMINI.<\/p><p>Las posibles referencias que se hagan en el sitio web de CARLA YACOMINI a cualquier producto, servicio, proceso, enlace, hipertexto o cualquier informaci\u00f3n que utilice la marca, el nombre comercial o el fabricante o proveedor, etc.que sean propiedad de terceros no constituye ni implica respaldo. , patrocinio o recomendaci\u00f3n de CARLA YACOMINI.<\/p><h2 style=\"color: #2e569d;\">Pol\u00edtica de privacidad<\/h2><p>De conformidad con lo dispuesto en el Reglamento General de Protecci\u00f3n de Datos Personales, le informamos que sus datos ser\u00e1n incorporados al sistema de tratamiento titularidad de CARLA FRANCISCA YACOMINI con CIF Y5429556Y ubicado en C \/ MESTRAL 9 de PORTO CRISTO en Mallorca, Espa\u00f1a (en adelante CARLA YACOMINI), con la finalidad de la correcta ejecuci\u00f3n del pedido, as\u00ed como con fines comerciales y publicitarios, en cuanto a productos, servicios, ofertas, promociones relacionadas con productos similares a los contratados; realizar encuestas, estad\u00edsticas y an\u00e1lisis de las tendencias del mercado; y desarrollar perfiles de usuario con el fin de personalizar y mejorar nuestro servicio.<br \/>En cumplimiento de la normativa vigente, CARLA YACOMINI informa que los datos personales proporcionados se conservar\u00e1n mientras se mantenga la prestaci\u00f3n del servicio y \/ o posibles responsabilidades legales.<\/p><p>Los datos de contacto del delegado de protecci\u00f3n de datos son los siguientes: carla.yacomini@gmail.com<br \/>Los datos no se ceder\u00e1n a terceros, salvo obligaci\u00f3n legal.<\/p><p>Hasta que nos indique lo contrario, entendemos que sus datos no han sido modificados, que acepta notificarnos de cualquier variaci\u00f3n y que contamos con su consentimiento para utilizarlos para las finalidades mencionadas.<\/p><p>CARLA YACOMINI informa que proceder\u00e1 a tratar los datos de manera l\u00edcita, leal, transparente, adecuada, pertinente, limitada, exacta y actualizada. Es por ello que CARLA YACOMINI se compromete a adoptar todas las medidas razonables para que estos sean suprimidos o rectificados sin dilaci\u00f3n cuando sean inexactos.<\/p><p>De acuerdo con los derechos que le confiere la normativa vigente en protecci\u00f3n de datos podr\u00e1 ejercitar los derechos de acceso, rectificaci\u00f3n, limitaci\u00f3n del tratamiento, supresi\u00f3n, portabilidad y oposici\u00f3n al tratamiento de sus datos personales, as\u00ed como el consentimiento prestado para el tratamiento de los mismos. , dirigiendo su solicitud a la direcci\u00f3n postal indicada anteriormente o al correo electr\u00f3nico carla.yacomini@gmail.com. Para verificar la identidad de la persona que ejerce sus derechos y ejecutarlos de manera correcta e inequ\u00edvoca, ser\u00e1 necesario adjuntar fotocopia del D.N.I, cualquiera que sea la ruta elegida.<\/p><p>Puedes acudir a la Autoridad de Control competente para presentar la reclamaci\u00f3n que consideres oportuna.<\/p><p>Comunicaciones comerciales<br \/>En cumplimiento de lo dispuesto en el art\u00edculo 21 de la LSSI, le informamos que cuando exista una relaci\u00f3n contractual previa, los datos de correo electr\u00f3nico facilitados por el usuario podr\u00e1n ser utilizados para el env\u00edo de comunicaciones comerciales relativas a productos o servicios que inicialmente sean objeto de contrataci\u00f3n. con el cliente.<\/p><p>Existe la posibilidad de oponerse al env\u00edo de comunicaciones comerciales tanto al realizar la compra, como en cada una de las comunicaciones comerciales dirigidas a ellos, todo ello de forma gratuita.<\/p><p>Al oponerse, el usuario indicar\u00e1 que no consiente que sus datos personales sean tratados y comunicados con fines comerciales y publicitarios, en cuanto a productos, servicios, ofertas, promociones relacionadas con productos similares a los contratados; realizar encuestas, estad\u00edsticas y an\u00e1lisis de las tendencias del mercado; y elaborar perfiles de Usuario con el fin de personalizar y mejorar el servicio de CARLA YACOMINI.<\/p><p>En cualquier momento el usuario puede darse de baja enviando una solicitud de retiro a carla.yacomini@gmail.com. Los usuarios registrados pueden oponerse al env\u00edo marcando la casilla en el \u00e1rea de usuarios.<br \/>Para obtener m\u00e1s informaci\u00f3n sobre el uso de cookies, le proporcionamos la lista y detalles completos de las cookies propias y de terceros utilizadas en nuestro sitio web.<\/p><p>Menores<br \/>Este sitio web est\u00e1 destinado a personas mayores de 18 a\u00f1os. Al completar el formulario de registro, garantiza que es mayor de 18 a\u00f1os y ser\u00e1 el \u00fanico responsable de esta declaraci\u00f3n. Para la verificaci\u00f3n podemos, en cualquier momento, solicitar la aportaci\u00f3n del correspondiente documento identificativo. Ante la sospecha de que un usuario es menor de edad, y que ha falsificado los datos requeridos para el acceso, se le puede negar el acceso a los servicios ofrecidos.<\/p>\t\t\t\t\t\t\t\t<\/div>\n\t\t\t\t<\/div>\n\t\t\t\t\t<\/div>\n\t\t<\/div>\n\t\t\t\t\t<\/div>\n\t\t<\/section>\n\t\t\t\t<section class=\"elementor-section elementor-top-section elementor-element elementor-element-4cc9df1 elementor-section-boxed elementor-section-height-default elementor-section-height-default\" data-id=\"4cc9df1\" data-element_type=\"section\" data-e-type=\"section\" id=\"cookies\">\n\t\t\t\t\t\t<div class=\"elementor-container elementor-column-gap-default\">\n\t\t\t\t\t<div class=\"elementor-column elementor-col-100 elementor-top-column elementor-element elementor-element-89ce37c\" data-id=\"89ce37c\" data-element_type=\"column\" data-e-type=\"column\">\n\t\t\t<div class=\"elementor-widget-wrap elementor-element-populated\">\n\t\t\t\t\t\t<div class=\"elementor-element elementor-element-010a258 elementor-widget elementor-widget-text-editor\" data-id=\"010a258\" data-element_type=\"widget\" data-e-type=\"widget\" data-widget_type=\"text-editor.default\">\n\t\t\t\t<div class=\"elementor-widget-container\">\n\t\t\t\t\t\t\t\t\t<h2 style=\"color: #2e569d;\">Uso de cookies<\/h2><p>En cumplimiento de lo dispuesto en el art\u00edculo 22.2 de la Ley 34\/2002, de 11 de julio, de Servicios de la Sociedad de la Informaci\u00f3n y Comercio Electr\u00f3nico, este sitio web le informa, en este apartado, sobre la pol\u00edtica de recogida y tratamiento de cookies.<\/p><p>\u00bfQU\u00c9 SON LAS COOKIES?<br \/>Una cookie es un archivo que se descarga en su computadora cuando accede a determinadas p\u00e1ginas web. Las cookies permiten a una p\u00e1gina web, entre otras cosas, almacenar y recuperar informaci\u00f3n sobre los h\u00e1bitos de navegaci\u00f3n de un usuario o de su equipo y, dependiendo de la informaci\u00f3n que contengan y de la forma en que utilice su equipo, se pueden utilizar para reconocer al usuario.<\/p><p>\u00bfQU\u00c9 TIPOS DE COOKIES UTILIZA ESTA P\u00c1GINA WEB?<br \/>Este sitio web utiliza los siguientes tipos de cookies:<\/p><p>Cookies de an\u00e1lisis: Aquellas que son bien tratadas por nosotros o por terceros, nos permiten cuantificar el n\u00famero de usuarios y as\u00ed realizar la medici\u00f3n y an\u00e1lisis estad\u00edstico de la utilizaci\u00f3n que hacen los usuarios del servicio ofertado. Para ello, analizamos su navegaci\u00f3n en nuestro sitio web con el fin de mejorar la oferta de productos o servicios que le ofrecemos.<\/p><p>Cookies t\u00e9cnicas: Son aquellas que permiten al usuario la navegaci\u00f3n por el \u00e1rea restringida y el uso de sus distintas funciones, como por ejemplo, llevar el proceso de compra de un art\u00edculo.<\/p><p>Cookies de personalizaci\u00f3n: Son aqu\u00e9llas que permiten al usuario acceder al servicio con algunas caracter\u00edsticas de car\u00e1cter general predefinidas en funci\u00f3n de una serie de criterios en el terminal del usuario, como por ejemplo el idioma o el tipo de navegador a trav\u00e9s del cual se conecta al usuario. Servicio.<\/p><p>Cookies publicitarias: Son aqu\u00e9llas que, bien tratadas por este sitio web o por terceros, permiten gestionar de la forma m\u00e1s eficaz posible la oferta de los espacios publicitarios que se encuentran en el sitio web, adaptando el contenido del anuncio al contenido del servicio. solicitado o al uso que haga de nuestra p\u00e1gina web. Para ello podemos analizar sus h\u00e1bitos de navegaci\u00f3n en Internet y podemos mostrarle publicidad relacionada con su perfil de navegaci\u00f3n.<\/p><p>Cookies de publicidad comportamental: Son aqu\u00e9llas que permiten la gesti\u00f3n, de la forma m\u00e1s eficaz posible, de los espacios publicitarios que, en su caso, el editor haya incluido en una p\u00e1gina web, aplicaci\u00f3n o plataforma desde la que presta el servicio solicitado. Este tipo de cookies almacena informaci\u00f3n sobre el comportamiento de los visitantes obtenida a trav\u00e9s de la observaci\u00f3n continuada de sus h\u00e1bitos de navegaci\u00f3n, lo que permite desarrollar un perfil espec\u00edfico para mostrar publicidad en funci\u00f3n del mismo.<\/p><p>DESACTIVAR LAS COOKIES.<br \/>Puede permitir, bloquear o eliminar las cookies instaladas en su equipo mediante la configuraci\u00f3n de las opciones del navegador instalado en su equipo.<\/p><p>En la mayor\u00eda de navegadores web se ofrece la posibilidad de permitir, bloquear o eliminar las cookies instaladas en su equipo.<\/p><p>A continuaci\u00f3n, puede acceder a la configuraci\u00f3n de los navegadores web m\u00e1s frecuentes para aceptar, instalar o desactivar las cookies.<\/p><p>COOKIES DE TERCEROS.<br \/>Este sitio web utiliza servicios de terceros para recopilar informaci\u00f3n con fines estad\u00edsticos y de uso de la web. Las cookies de DoubleClick se utilizan para mejorar la publicidad que se incluye en el sitio web. Se utilizan para orientar la publicidad de acuerdo con el contenido que es relevante para un usuario, mejorando as\u00ed la calidad de la experiencia en su uso.<\/p><p>Espec\u00edficamente, utilizamos los servicios de Google Adsense y Google Analytics para nuestras estad\u00edsticas y publicidad. Algunas cookies son esenciales para el funcionamiento del sitio, por ejemplo, el motor de b\u00fasqueda integrado.<\/p><p>Nuestro sitio incluye otras caracter\u00edsticas proporcionadas por terceros. Puedes compartir f\u00e1cilmente el contenido en redes sociales como Facebook, Twitter o Google +, con los botones que hemos incluido para tal fin.<\/p><p>ADVERTENCIA SOBRE ELIMINACI\u00d3N DE COOKIES.<br \/>Puede eliminar y bloquear todas las cookies de este sitio, pero parte del sitio no funcionar\u00e1 o la calidad del sitio web puede verse afectada.<\/p><p>Si tiene alguna duda sobre nuestra pol\u00edtica de cookies, puede contactar con este sitio web a trav\u00e9s de nuestros canales de Contacto.<\/p>\t\t\t\t\t\t\t\t<\/div>\n\t\t\t\t<\/div>\n\t\t\t\t\t<\/div>\n\t\t<\/div>\n\t\t\t\t\t<\/div>\n\t\t<\/section>\n\t\t\t\t<section class=\"elementor-section elementor-top-section elementor-element elementor-element-dc8ee28 elementor-section-boxed elementor-section-height-default elementor-section-height-default\" data-id=\"dc8ee28\" data-element_type=\"section\" data-e-type=\"section\">\n\t\t\t\t\t\t<div class=\"elementor-container elementor-column-gap-default\">\n\t\t\t\t\t<div class=\"elementor-column elementor-col-100 elementor-top-column elementor-element elementor-element-53b6db6\" data-id=\"53b6db6\" data-element_type=\"column\" data-e-type=\"column\">\n\t\t\t<div class=\"elementor-widget-wrap elementor-element-populated\">\n\t\t\t\t\t\t<div class=\"elementor-element elementor-element-23ed3f5 elementor-view-default elementor-widget elementor-widget-icon\" data-id=\"23ed3f5\" data-element_type=\"widget\" data-e-type=\"widget\" data-widget_type=\"icon.default\">\n\t\t\t\t<div class=\"elementor-widget-container\">\n\t\t\t\t\t\t\t<div class=\"elementor-icon-wrapper\">\n\t\t\t<div class=\"elementor-icon\">\n\t\t\t<i aria-hidden=\"true\" class=\"fas fa-star\"><\/i>\t\t\t<\/div>\n\t\t<\/div>\n\t\t\t\t\t\t<\/div>\n\t\t\t\t<\/div>\n\t\t\t\t\t<\/div>\n\t\t<\/div>\n\t\t\t\t\t<\/div>\n\t\t<\/section>\n\t\t\t\t<\/div>\n\t\t","protected":false},"excerpt":{"rendered":"<p>Aviso legal El sitio web de www.carlayacomini.com es propiedad de CARLA FRANCISCA YACOMINI con CIF Y5429556Y en C \/ MESTRAL 9 de PORTO CRISTO en [&hellip;]<\/p>\n","protected":false},"author":1,"featured_media":0,"parent":0,"menu_order":0,"comment_status":"closed","ping_status":"closed","template":"page-templates\/page_front-page.php","meta":{"footnotes":""},"class_list":["post-1538","page","type-page","status-publish","hentry"],"aioseo_notices":[],"_links":{"self":[{"href":"https:\/\/carlayacomini.com\/index.php?rest_route=\/wp\/v2\/pages\/1538","targetHints":{"allow":["GET"]}}],"collection":[{"href":"https:\/\/carlayacomini.com\/index.php?rest_route=\/wp\/v2\/pages"}],"about":[{"href":"https:\/\/carlayacomini.com\/index.php?rest_route=\/wp\/v2\/types\/page"}],"author":[{"embeddable":true,"href":"https:\/\/carlayacomini.com\/index.php?rest_route=\/wp\/v2\/users\/1"}],"replies":[{"embeddable":true,"href":"https:\/\/carlayacomini.com\/index.php?rest_route=%2Fwp%2Fv2%2Fcomments&post=1538"}],"version-history":[{"count":25,"href":"https:\/\/carlayacomini.com\/index.php?rest_route=\/wp\/v2\/pages\/1538\/revisions"}],"predecessor-version":[{"id":2585,"href":"https:\/\/carlayacomini.com\/index.php?rest_route=\/wp\/v2\/pages\/1538\/revisions\/2585"}],"wp:attachment":[{"href":"https:\/\/carlayacomini.com\/index.php?rest_route=%2Fwp%2Fv2%2Fmedia&parent=1538"}],"curies":[{"name":"wp","href":"https:\/\/api.w.org\/{rel}","templated":true}]}}