{"id":1307,"date":"2021-01-12T12:47:23","date_gmt":"2021-01-12T12:47:23","guid":{"rendered":"http:\/\/carlayacomini.com\/?page_id=1307"},"modified":"2021-02-22T10:14:47","modified_gmt":"2021-02-22T10:14:47","slug":"contratacion-de-servicios-y-proveedores","status":"publish","type":"page","link":"https:\/\/carlayacomini.com\/?page_id=1307&lang=es","title":{"rendered":"Contrataci\u00f3n de servicios y proveedores"},"content":{"rendered":"\t\t<div data-elementor-type=\"wp-page\" data-elementor-id=\"1307\" class=\"elementor elementor-1307\">\n\t\t\t\t\t\t<section class=\"elementor-section elementor-top-section elementor-element elementor-element-ee77cdb elementor-section-height-min-height elementor-section-boxed elementor-section-height-default elementor-section-items-middle\" data-id=\"ee77cdb\" data-element_type=\"section\" data-e-type=\"section\" data-settings=\"{&quot;background_background&quot;:&quot;classic&quot;}\">\n\t\t\t\t\t\t\t<div class=\"elementor-background-overlay\"><\/div>\n\t\t\t\t\t\t\t<div class=\"elementor-container elementor-column-gap-default\">\n\t\t\t\t\t<div class=\"elementor-column elementor-col-100 elementor-top-column elementor-element elementor-element-4a078e7\" data-id=\"4a078e7\" data-element_type=\"column\" data-e-type=\"column\">\n\t\t\t<div class=\"elementor-widget-wrap\">\n\t\t\t\t\t\t\t<\/div>\n\t\t<\/div>\n\t\t\t\t\t<\/div>\n\t\t<\/section>\n\t\t\t\t<section class=\"elementor-section elementor-top-section elementor-element elementor-element-f17116a elementor-section-boxed elementor-section-height-default elementor-section-height-default\" data-id=\"f17116a\" data-element_type=\"section\" data-e-type=\"section\">\n\t\t\t\t\t\t<div class=\"elementor-container elementor-column-gap-default\">\n\t\t\t\t\t<div class=\"elementor-column elementor-col-100 elementor-top-column elementor-element elementor-element-02af277\" data-id=\"02af277\" data-element_type=\"column\" data-e-type=\"column\">\n\t\t\t<div class=\"elementor-widget-wrap elementor-element-populated\">\n\t\t\t\t\t\t<div class=\"elementor-element elementor-element-ea48843 elementor-widget elementor-widget-heading\" data-id=\"ea48843\" data-element_type=\"widget\" data-e-type=\"widget\" data-widget_type=\"heading.default\">\n\t\t\t\t<div class=\"elementor-widget-container\">\n\t\t\t\t\t<h1 class=\"elementor-heading-title elementor-size-default\">Contrataci\u00f3n de servicios y proveedores<\/h1>\t\t\t\t<\/div>\n\t\t\t\t<\/div>\n\t\t\t\t\t<\/div>\n\t\t<\/div>\n\t\t\t\t\t<\/div>\n\t\t<\/section>\n\t\t\t\t<section class=\"elementor-section elementor-top-section elementor-element elementor-element-0667abd elementor-section-boxed elementor-section-height-default elementor-section-height-default\" data-id=\"0667abd\" data-element_type=\"section\" data-e-type=\"section\">\n\t\t\t\t\t\t<div class=\"elementor-container elementor-column-gap-default\">\n\t\t\t\t\t<div class=\"elementor-column elementor-col-50 elementor-top-column elementor-element elementor-element-c607e25\" data-id=\"c607e25\" data-element_type=\"column\" data-e-type=\"column\">\n\t\t\t<div class=\"elementor-widget-wrap elementor-element-populated\">\n\t\t\t\t\t\t<div class=\"elementor-element elementor-element-8586308 elementor-widget elementor-widget-text-editor\" data-id=\"8586308\" data-element_type=\"widget\" data-e-type=\"widget\" data-widget_type=\"text-editor.default\">\n\t\t\t\t<div class=\"elementor-widget-container\">\n\t\t\t\t\t\t\t\t\t<p>Si gestionamos tu inmueble, ten por seguro que contrataremos a los mejores profesionales de la zona.<\/p><p>Si necesitas contratar internet, un seguro de vivienda o de coches, realizar cambios en los contratos de luz, agua o gas, obtener ofertas de mantenimiento de jardines o piscinas tambi\u00e9n puedes contar con nuestro asesoramiento.<\/p><p>Te presentaremos al menos dos propuestas, previo a evaluar la relaci\u00f3n calidad precio del trabajo presupuestado, tiempos de respuesta, la calidad de atenci\u00f3n al cliente y las garant\u00edas que ofrezcan cada unos de los proveedores.<\/p>\t\t\t\t\t\t\t\t<\/div>\n\t\t\t\t<\/div>\n\t\t\t\t\t<\/div>\n\t\t<\/div>\n\t\t\t\t<div class=\"elementor-column elementor-col-50 elementor-top-column elementor-element elementor-element-c2ec28f\" data-id=\"c2ec28f\" data-element_type=\"column\" data-e-type=\"column\">\n\t\t\t<div class=\"elementor-widget-wrap elementor-element-populated\">\n\t\t\t\t\t\t<div class=\"elementor-element elementor-element-e9f3eb8 elementor-widget elementor-widget-image\" data-id=\"e9f3eb8\" data-element_type=\"widget\" data-e-type=\"widget\" data-widget_type=\"image.default\">\n\t\t\t\t<div class=\"elementor-widget-container\">\n\t\t\t\t\t\t\t\t\t\t\t\t\t\t\t<img fetchpriority=\"high\" decoding=\"async\" width=\"1024\" height=\"576\" src=\"https:\/\/carlayacomini.com\/wp-content\/uploads\/2021\/01\/05-1024x576.jpg\" class=\"attachment-large size-large wp-image-937\" alt=\"\" srcset=\"https:\/\/carlayacomini.com\/wp-content\/uploads\/2021\/01\/05-1024x576.jpg 1024w, https:\/\/carlayacomini.com\/wp-content\/uploads\/2021\/01\/05-300x169.jpg 300w, https:\/\/carlayacomini.com\/wp-content\/uploads\/2021\/01\/05-768x432.jpg 768w, https:\/\/carlayacomini.com\/wp-content\/uploads\/2021\/01\/05-1536x864.jpg 1536w, https:\/\/carlayacomini.com\/wp-content\/uploads\/2021\/01\/05-2048x1152.jpg 2048w, https:\/\/carlayacomini.com\/wp-content\/uploads\/2021\/01\/05-830x467.jpg 830w, https:\/\/carlayacomini.com\/wp-content\/uploads\/2021\/01\/05-230x129.jpg 230w, https:\/\/carlayacomini.com\/wp-content\/uploads\/2021\/01\/05-350x197.jpg 350w, https:\/\/carlayacomini.com\/wp-content\/uploads\/2021\/01\/05-480x270.jpg 480w\" sizes=\"(max-width: 1024px) 100vw, 1024px\" \/>\t\t\t\t\t\t\t\t\t\t\t\t\t\t\t<\/div>\n\t\t\t\t<\/div>\n\t\t\t\t\t<\/div>\n\t\t<\/div>\n\t\t\t\t\t<\/div>\n\t\t<\/section>\n\t\t\t\t<section class=\"elementor-section elementor-top-section elementor-element elementor-element-60f0e8c elementor-section-boxed elementor-section-height-default elementor-section-height-default\" data-id=\"60f0e8c\" data-element_type=\"section\" data-e-type=\"section\">\n\t\t\t\t\t\t<div class=\"elementor-container elementor-column-gap-default\">\n\t\t\t\t\t<div class=\"elementor-column elementor-col-100 elementor-top-column elementor-element elementor-element-38071bc\" data-id=\"38071bc\" data-element_type=\"column\" data-e-type=\"column\">\n\t\t\t<div class=\"elementor-widget-wrap elementor-element-populated\">\n\t\t\t\t\t\t<div class=\"elementor-element elementor-element-21b094f elementor-view-default elementor-widget elementor-widget-icon\" data-id=\"21b094f\" data-element_type=\"widget\" data-e-type=\"widget\" data-widget_type=\"icon.default\">\n\t\t\t\t<div class=\"elementor-widget-container\">\n\t\t\t\t\t\t\t<div class=\"elementor-icon-wrapper\">\n\t\t\t<div class=\"elementor-icon\">\n\t\t\t<i aria-hidden=\"true\" class=\"fas fa-star\"><\/i>\t\t\t<\/div>\n\t\t<\/div>\n\t\t\t\t\t\t<\/div>\n\t\t\t\t<\/div>\n\t\t\t\t\t<\/div>\n\t\t<\/div>\n\t\t\t\t\t<\/div>\n\t\t<\/section>\n\t\t\t\t<section class=\"elementor-section elementor-top-section elementor-element elementor-element-ba3f2cf elementor-section-boxed elementor-section-height-default elementor-section-height-default\" data-id=\"ba3f2cf\" data-element_type=\"section\" data-e-type=\"section\" data-settings=\"{&quot;background_background&quot;:&quot;classic&quot;}\">\n\t\t\t\t\t\t<div class=\"elementor-container elementor-column-gap-default\">\n\t\t\t\t\t<div class=\"elementor-column elementor-col-100 elementor-top-column elementor-element elementor-element-e59982e\" data-id=\"e59982e\" data-element_type=\"column\" data-e-type=\"column\">\n\t\t\t<div class=\"elementor-widget-wrap elementor-element-populated\">\n\t\t\t\t\t\t<div class=\"elementor-element elementor-element-befda26 elementor-widget elementor-widget-text-editor\" data-id=\"befda26\" data-element_type=\"widget\" data-e-type=\"widget\" data-widget_type=\"text-editor.default\">\n\t\t\t\t<div class=\"elementor-widget-container\">\n\t\t\t\t\t\t\t\t\t<p style=\"text-align: center;\"><strong>\u00bfTienes dudas? <\/strong><\/p>\n<p style=\"text-align: center;\"><strong>\u00bfQuieres saber si podemos ayudarte?<\/strong><\/p>\n<p style=\"text-align: center;\"><a href=\"http:\/\/carlayacomini.com\/?page_id=1238&amp;lang=es\"><strong>Cont\u00e1ctanos. Pide tu presupuesto.<\/strong><\/a><\/p>\t\t\t\t\t\t\t\t<\/div>\n\t\t\t\t<\/div>\n\t\t\t\t\t<\/div>\n\t\t<\/div>\n\t\t\t\t\t<\/div>\n\t\t<\/section>\n\t\t\t\t<\/div>\n\t\t","protected":false},"excerpt":{"rendered":"<p>Contrataci\u00f3n de servicios y proveedores Si gestionamos tu inmueble, ten por seguro que contrataremos a los mejores profesionales de la zona. Si necesitas contratar internet, [&hellip;]<\/p>\n","protected":false},"author":1,"featured_media":0,"parent":0,"menu_order":0,"comment_status":"closed","ping_status":"closed","template":"page-templates\/page_front-page.php","meta":{"footnotes":""},"class_list":["post-1307","page","type-page","status-publish","hentry"],"aioseo_notices":[],"_links":{"self":[{"href":"https:\/\/carlayacomini.com\/index.php?rest_route=\/wp\/v2\/pages\/1307","targetHints":{"allow":["GET"]}}],"collection":[{"href":"https:\/\/carlayacomini.com\/index.php?rest_route=\/wp\/v2\/pages"}],"about":[{"href":"https:\/\/carlayacomini.com\/index.php?rest_route=\/wp\/v2\/types\/page"}],"author":[{"embeddable":true,"href":"https:\/\/carlayacomini.com\/index.php?rest_route=\/wp\/v2\/users\/1"}],"replies":[{"embeddable":true,"href":"https:\/\/carlayacomini.com\/index.php?rest_route=%2Fwp%2Fv2%2Fcomments&post=1307"}],"version-history":[{"count":28,"href":"https:\/\/carlayacomini.com\/index.php?rest_route=\/wp\/v2\/pages\/1307\/revisions"}],"predecessor-version":[{"id":2582,"href":"https:\/\/carlayacomini.com\/index.php?rest_route=\/wp\/v2\/pages\/1307\/revisions\/2582"}],"wp:attachment":[{"href":"https:\/\/carlayacomini.com\/index.php?rest_route=%2Fwp%2Fv2%2Fmedia&parent=1307"}],"curies":[{"name":"wp","href":"https:\/\/api.w.org\/{rel}","templated":true}]}}