{"id":1295,"date":"2021-01-12T12:40:40","date_gmt":"2021-01-12T12:40:40","guid":{"rendered":"http:\/\/carlayacomini.com\/?page_id=1295"},"modified":"2021-02-22T10:14:18","modified_gmt":"2021-02-22T10:14:18","slug":"asistencia-en-la-compraventa-de-inmuebles","status":"publish","type":"page","link":"https:\/\/carlayacomini.com\/?page_id=1295&lang=es","title":{"rendered":"Asistencia en la compraventa de inmuebles"},"content":{"rendered":"\t\t<div data-elementor-type=\"wp-page\" data-elementor-id=\"1295\" class=\"elementor elementor-1295\">\n\t\t\t\t\t\t<section class=\"elementor-section elementor-top-section elementor-element elementor-element-1de7d76 elementor-section-height-min-height elementor-section-boxed elementor-section-height-default elementor-section-items-middle\" data-id=\"1de7d76\" data-element_type=\"section\" data-e-type=\"section\" data-settings=\"{&quot;background_background&quot;:&quot;classic&quot;}\">\n\t\t\t\t\t\t\t<div class=\"elementor-background-overlay\"><\/div>\n\t\t\t\t\t\t\t<div class=\"elementor-container elementor-column-gap-default\">\n\t\t\t\t\t<div class=\"elementor-column elementor-col-100 elementor-top-column elementor-element elementor-element-d6d27b4\" data-id=\"d6d27b4\" data-element_type=\"column\" data-e-type=\"column\">\n\t\t\t<div class=\"elementor-widget-wrap\">\n\t\t\t\t\t\t\t<\/div>\n\t\t<\/div>\n\t\t\t\t\t<\/div>\n\t\t<\/section>\n\t\t\t\t<section class=\"elementor-section elementor-top-section elementor-element elementor-element-5e55272 elementor-section-boxed elementor-section-height-default elementor-section-height-default\" data-id=\"5e55272\" data-element_type=\"section\" data-e-type=\"section\">\n\t\t\t\t\t\t<div class=\"elementor-container elementor-column-gap-default\">\n\t\t\t\t\t<div class=\"elementor-column elementor-col-100 elementor-top-column elementor-element elementor-element-84ee061\" data-id=\"84ee061\" data-element_type=\"column\" data-e-type=\"column\">\n\t\t\t<div class=\"elementor-widget-wrap elementor-element-populated\">\n\t\t\t\t\t\t<div class=\"elementor-element elementor-element-0d4c6fa elementor-widget elementor-widget-heading\" data-id=\"0d4c6fa\" data-element_type=\"widget\" data-e-type=\"widget\" data-widget_type=\"heading.default\">\n\t\t\t\t<div class=\"elementor-widget-container\">\n\t\t\t\t\t<h1 class=\"elementor-heading-title elementor-size-default\">Asistencia en la compraventa de inmuebles<\/h1>\t\t\t\t<\/div>\n\t\t\t\t<\/div>\n\t\t\t\t\t<\/div>\n\t\t<\/div>\n\t\t\t\t\t<\/div>\n\t\t<\/section>\n\t\t\t\t<section class=\"elementor-section elementor-top-section elementor-element elementor-element-8d02c40 elementor-section-boxed elementor-section-height-default elementor-section-height-default\" data-id=\"8d02c40\" data-element_type=\"section\" data-e-type=\"section\">\n\t\t\t\t\t\t<div class=\"elementor-container elementor-column-gap-default\">\n\t\t\t\t\t<div class=\"elementor-column elementor-col-50 elementor-top-column elementor-element elementor-element-0465110\" data-id=\"0465110\" data-element_type=\"column\" data-e-type=\"column\">\n\t\t\t<div class=\"elementor-widget-wrap elementor-element-populated\">\n\t\t\t\t\t\t<div class=\"elementor-element elementor-element-db8ccca elementor-widget elementor-widget-text-editor\" data-id=\"db8ccca\" data-element_type=\"widget\" data-e-type=\"widget\" data-widget_type=\"text-editor.default\">\n\t\t\t\t<div class=\"elementor-widget-container\">\n\t\t\t\t\t\t\t\t\t<p>Sea que quieras comprar o vender tambi\u00e9n te acompa\u00f1amos en el proceso.<\/p><p>Si te encuentras en el proceso de compra, analizaremos la documentaci\u00f3n relevante y encontraremos una Notar\u00eda que se adapte a tus necesidades y presupuesto para realizar la firma de la compraventa.<\/p><p>Tambi\u00e9n te recomendaremos las mejores Inmobiliarias y Notar\u00edas de la zona.<\/p>\t\t\t\t\t\t\t\t<\/div>\n\t\t\t\t<\/div>\n\t\t\t\t\t<\/div>\n\t\t<\/div>\n\t\t\t\t<div class=\"elementor-column elementor-col-50 elementor-top-column elementor-element elementor-element-44c261c\" data-id=\"44c261c\" data-element_type=\"column\" data-e-type=\"column\">\n\t\t\t<div class=\"elementor-widget-wrap elementor-element-populated\">\n\t\t\t\t\t\t<div class=\"elementor-element elementor-element-fd2cbc9 elementor-widget elementor-widget-image\" data-id=\"fd2cbc9\" data-element_type=\"widget\" data-e-type=\"widget\" data-widget_type=\"image.default\">\n\t\t\t\t<div class=\"elementor-widget-container\">\n\t\t\t\t\t\t\t\t\t\t\t\t\t\t\t<img fetchpriority=\"high\" decoding=\"async\" width=\"850\" height=\"450\" src=\"https:\/\/carlayacomini.com\/wp-content\/uploads\/2021\/01\/10.jpg\" class=\"attachment-large size-large wp-image-927\" alt=\"\" srcset=\"https:\/\/carlayacomini.com\/wp-content\/uploads\/2021\/01\/10.jpg 850w, https:\/\/carlayacomini.com\/wp-content\/uploads\/2021\/01\/10-300x159.jpg 300w, https:\/\/carlayacomini.com\/wp-content\/uploads\/2021\/01\/10-768x407.jpg 768w, https:\/\/carlayacomini.com\/wp-content\/uploads\/2021\/01\/10-830x439.jpg 830w, https:\/\/carlayacomini.com\/wp-content\/uploads\/2021\/01\/10-230x122.jpg 230w, https:\/\/carlayacomini.com\/wp-content\/uploads\/2021\/01\/10-350x185.jpg 350w, https:\/\/carlayacomini.com\/wp-content\/uploads\/2021\/01\/10-480x254.jpg 480w\" sizes=\"(max-width: 850px) 100vw, 850px\" \/>\t\t\t\t\t\t\t\t\t\t\t\t\t\t\t<\/div>\n\t\t\t\t<\/div>\n\t\t\t\t\t<\/div>\n\t\t<\/div>\n\t\t\t\t\t<\/div>\n\t\t<\/section>\n\t\t\t\t<section class=\"elementor-section elementor-top-section elementor-element elementor-element-6592ede elementor-section-boxed elementor-section-height-default elementor-section-height-default\" data-id=\"6592ede\" data-element_type=\"section\" data-e-type=\"section\">\n\t\t\t\t\t\t<div class=\"elementor-container elementor-column-gap-default\">\n\t\t\t\t\t<div class=\"elementor-column elementor-col-100 elementor-top-column elementor-element elementor-element-6a2b392\" data-id=\"6a2b392\" data-element_type=\"column\" data-e-type=\"column\">\n\t\t\t<div class=\"elementor-widget-wrap elementor-element-populated\">\n\t\t\t\t\t\t<div class=\"elementor-element elementor-element-ca49bb8 elementor-widget elementor-widget-text-editor\" data-id=\"ca49bb8\" data-element_type=\"widget\" data-e-type=\"widget\" data-widget_type=\"text-editor.default\">\n\t\t\t\t<div class=\"elementor-widget-container\">\n\t\t\t\t\t\t\t\t\t<p>Entre otros, nosotros:<\/p><ul><li>Intermediaremos durante el proceso de negociaci\u00f3n de la compraventa con inmobiliarias o propietarios.\u00a0<\/li><li>Analizaremos tanto los contratos de compraventa como la documentaci\u00f3n del inmueble.\u00a0<\/li><li>Tambi\u00e9n, nos encargaremos de preparar la documentaci\u00f3n necesaria para el d\u00eda de la firma de la escritura de compraventa.\u00a0<\/li><li>Solicitaremos al menos dos presupuestos de honorarios de Notar\u00eda y reservaremos cita en la que t\u00fa elijas.\u00a0<\/li><li>Te asesoraremos a obtener los documentos necesarios para comprar una vivienda en Espa\u00f1a.<\/li><li>Te ayudaremos a realizar tr\u00e1mites ante el Registro o el Catastro.\u00a0<\/li><li>Podemos encargarnos de obtener el certificado de eficacia energ\u00e9tica o de habitabilidad de la vivienda.<\/li><\/ul>\t\t\t\t\t\t\t\t<\/div>\n\t\t\t\t<\/div>\n\t\t\t\t\t<\/div>\n\t\t<\/div>\n\t\t\t\t\t<\/div>\n\t\t<\/section>\n\t\t\t\t<section class=\"elementor-section elementor-top-section elementor-element elementor-element-f6da349 elementor-section-boxed elementor-section-height-default elementor-section-height-default\" data-id=\"f6da349\" data-element_type=\"section\" data-e-type=\"section\">\n\t\t\t\t\t\t<div class=\"elementor-container elementor-column-gap-default\">\n\t\t\t\t\t<div class=\"elementor-column elementor-col-100 elementor-top-column elementor-element elementor-element-c0ab913\" data-id=\"c0ab913\" data-element_type=\"column\" data-e-type=\"column\">\n\t\t\t<div class=\"elementor-widget-wrap elementor-element-populated\">\n\t\t\t\t\t\t<div class=\"elementor-element elementor-element-d5fe4dc elementor-widget elementor-widget-text-editor\" data-id=\"d5fe4dc\" data-element_type=\"widget\" data-e-type=\"widget\" data-widget_type=\"text-editor.default\">\n\t\t\t\t<div class=\"elementor-widget-container\">\n\t\t\t\t\t\t\t\t\t<p>Adem\u00e1s, podemos informarte acerca de otro tipo de asuntos notariales, como donaciones o sucesiones.<\/p>\t\t\t\t\t\t\t\t<\/div>\n\t\t\t\t<\/div>\n\t\t\t\t\t<\/div>\n\t\t<\/div>\n\t\t\t\t\t<\/div>\n\t\t<\/section>\n\t\t\t\t<section class=\"elementor-section elementor-top-section elementor-element elementor-element-f8c90f2 elementor-section-boxed elementor-section-height-default elementor-section-height-default\" data-id=\"f8c90f2\" data-element_type=\"section\" data-e-type=\"section\">\n\t\t\t\t\t\t<div class=\"elementor-container elementor-column-gap-default\">\n\t\t\t\t\t<div class=\"elementor-column elementor-col-100 elementor-top-column elementor-element elementor-element-3800b35\" data-id=\"3800b35\" data-element_type=\"column\" data-e-type=\"column\">\n\t\t\t<div class=\"elementor-widget-wrap elementor-element-populated\">\n\t\t\t\t\t\t<div class=\"elementor-element elementor-element-056eb98 elementor-view-default elementor-widget elementor-widget-icon\" data-id=\"056eb98\" data-element_type=\"widget\" data-e-type=\"widget\" data-widget_type=\"icon.default\">\n\t\t\t\t<div class=\"elementor-widget-container\">\n\t\t\t\t\t\t\t<div class=\"elementor-icon-wrapper\">\n\t\t\t<div class=\"elementor-icon\">\n\t\t\t<i aria-hidden=\"true\" class=\"fas fa-star\"><\/i>\t\t\t<\/div>\n\t\t<\/div>\n\t\t\t\t\t\t<\/div>\n\t\t\t\t<\/div>\n\t\t\t\t\t<\/div>\n\t\t<\/div>\n\t\t\t\t\t<\/div>\n\t\t<\/section>\n\t\t\t\t<section class=\"elementor-section elementor-top-section elementor-element elementor-element-6dc7692 elementor-section-boxed elementor-section-height-default elementor-section-height-default\" data-id=\"6dc7692\" data-element_type=\"section\" data-e-type=\"section\" data-settings=\"{&quot;background_background&quot;:&quot;classic&quot;}\">\n\t\t\t\t\t\t<div class=\"elementor-container elementor-column-gap-default\">\n\t\t\t\t\t<div class=\"elementor-column elementor-col-100 elementor-top-column elementor-element elementor-element-c0ee1c4\" data-id=\"c0ee1c4\" data-element_type=\"column\" data-e-type=\"column\">\n\t\t\t<div class=\"elementor-widget-wrap elementor-element-populated\">\n\t\t\t\t\t\t<div class=\"elementor-element elementor-element-ca08125 elementor-widget elementor-widget-text-editor\" data-id=\"ca08125\" data-element_type=\"widget\" data-e-type=\"widget\" data-widget_type=\"text-editor.default\">\n\t\t\t\t<div class=\"elementor-widget-container\">\n\t\t\t\t\t\t\t\t\t<p style=\"text-align: center;\"><strong>\u00bfTienes dudas? <\/strong><\/p>\n<p style=\"text-align: center;\"><strong>\u00bfQuieres saber si podemos ayudarte?<\/strong><\/p>\n<p style=\"text-align: center;\"><a href=\"http:\/\/carlayacomini.com\/?page_id=1238&amp;lang=es\"><strong>Cont\u00e1ctanos. Pide tu presupuesto.<\/strong><\/a><\/p>\t\t\t\t\t\t\t\t<\/div>\n\t\t\t\t<\/div>\n\t\t\t\t\t<\/div>\n\t\t<\/div>\n\t\t\t\t\t<\/div>\n\t\t<\/section>\n\t\t\t\t<\/div>\n\t\t","protected":false},"excerpt":{"rendered":"<p>Asistencia en la compraventa de inmuebles Sea que quieras comprar o vender tambi\u00e9n te acompa\u00f1amos en el proceso. Si te encuentras en el proceso de [&hellip;]<\/p>\n","protected":false},"author":1,"featured_media":0,"parent":0,"menu_order":0,"comment_status":"closed","ping_status":"closed","template":"page-templates\/page_front-page.php","meta":{"footnotes":""},"class_list":["post-1295","page","type-page","status-publish","hentry"],"aioseo_notices":[],"_links":{"self":[{"href":"https:\/\/carlayacomini.com\/index.php?rest_route=\/wp\/v2\/pages\/1295","targetHints":{"allow":["GET"]}}],"collection":[{"href":"https:\/\/carlayacomini.com\/index.php?rest_route=\/wp\/v2\/pages"}],"about":[{"href":"https:\/\/carlayacomini.com\/index.php?rest_route=\/wp\/v2\/types\/page"}],"author":[{"embeddable":true,"href":"https:\/\/carlayacomini.com\/index.php?rest_route=\/wp\/v2\/users\/1"}],"replies":[{"embeddable":true,"href":"https:\/\/carlayacomini.com\/index.php?rest_route=%2Fwp%2Fv2%2Fcomments&post=1295"}],"version-history":[{"count":22,"href":"https:\/\/carlayacomini.com\/index.php?rest_route=\/wp\/v2\/pages\/1295\/revisions"}],"predecessor-version":[{"id":2579,"href":"https:\/\/carlayacomini.com\/index.php?rest_route=\/wp\/v2\/pages\/1295\/revisions\/2579"}],"wp:attachment":[{"href":"https:\/\/carlayacomini.com\/index.php?rest_route=%2Fwp%2Fv2%2Fmedia&parent=1295"}],"curies":[{"name":"wp","href":"https:\/\/api.w.org\/{rel}","templated":true}]}}