{"id":1283,"date":"2021-01-12T12:18:07","date_gmt":"2021-01-12T12:18:07","guid":{"rendered":"http:\/\/carlayacomini.com\/?page_id=1283"},"modified":"2021-02-22T10:13:02","modified_gmt":"2021-02-22T10:13:02","slug":"administracion-de-patrimonio-inmobiliario","status":"publish","type":"page","link":"https:\/\/carlayacomini.com\/?page_id=1283&lang=es","title":{"rendered":"Administraci\u00f3n de patrimonio inmobiliario"},"content":{"rendered":"\t\t<div data-elementor-type=\"wp-page\" data-elementor-id=\"1283\" class=\"elementor elementor-1283\">\n\t\t\t\t\t\t<section class=\"elementor-section elementor-top-section elementor-element elementor-element-6107762 elementor-section-height-min-height elementor-section-boxed elementor-section-height-default elementor-section-items-middle\" data-id=\"6107762\" data-element_type=\"section\" data-e-type=\"section\" data-settings=\"{&quot;background_background&quot;:&quot;classic&quot;}\">\n\t\t\t\t\t\t\t<div class=\"elementor-background-overlay\"><\/div>\n\t\t\t\t\t\t\t<div class=\"elementor-container elementor-column-gap-default\">\n\t\t\t\t\t<div class=\"elementor-column elementor-col-100 elementor-top-column elementor-element elementor-element-838362c\" data-id=\"838362c\" data-element_type=\"column\" data-e-type=\"column\">\n\t\t\t<div class=\"elementor-widget-wrap\">\n\t\t\t\t\t\t\t<\/div>\n\t\t<\/div>\n\t\t\t\t\t<\/div>\n\t\t<\/section>\n\t\t\t\t<section class=\"elementor-section elementor-top-section elementor-element elementor-element-075c6dc elementor-section-boxed elementor-section-height-default elementor-section-height-default\" data-id=\"075c6dc\" data-element_type=\"section\" data-e-type=\"section\">\n\t\t\t\t\t\t<div class=\"elementor-container elementor-column-gap-default\">\n\t\t\t\t\t<div class=\"elementor-column elementor-col-100 elementor-top-column elementor-element elementor-element-08dcdd1\" data-id=\"08dcdd1\" data-element_type=\"column\" data-e-type=\"column\">\n\t\t\t<div class=\"elementor-widget-wrap elementor-element-populated\">\n\t\t\t\t\t\t<div class=\"elementor-element elementor-element-715cb0f elementor-widget elementor-widget-heading\" data-id=\"715cb0f\" data-element_type=\"widget\" data-e-type=\"widget\" data-widget_type=\"heading.default\">\n\t\t\t\t<div class=\"elementor-widget-container\">\n\t\t\t\t\t<h1 class=\"elementor-heading-title elementor-size-default\">Administraci\u00f3n de patrimonio inmobiliario.<\/h1>\t\t\t\t<\/div>\n\t\t\t\t<\/div>\n\t\t\t\t\t<\/div>\n\t\t<\/div>\n\t\t\t\t\t<\/div>\n\t\t<\/section>\n\t\t\t\t<section class=\"elementor-section elementor-top-section elementor-element elementor-element-24fcf14 elementor-section-boxed elementor-section-height-default elementor-section-height-default\" data-id=\"24fcf14\" data-element_type=\"section\" data-e-type=\"section\">\n\t\t\t\t\t\t<div class=\"elementor-container elementor-column-gap-default\">\n\t\t\t\t\t<div class=\"elementor-column elementor-col-50 elementor-top-column elementor-element elementor-element-c0cd00f\" data-id=\"c0cd00f\" data-element_type=\"column\" data-e-type=\"column\">\n\t\t\t<div class=\"elementor-widget-wrap elementor-element-populated\">\n\t\t\t\t\t\t<div class=\"elementor-element elementor-element-398185b elementor-widget elementor-widget-text-editor\" data-id=\"398185b\" data-element_type=\"widget\" data-e-type=\"widget\" data-widget_type=\"text-editor.default\">\n\t\t\t\t<div class=\"elementor-widget-container\">\n\t\t\t\t\t\t\t\t\t<p>Si lo que necesitas, por ejemplo, es remodelar tu inmueble te acompa\u00f1amos en todo el proceso de remodelaci\u00f3n. <br \/>Solicitaremos al menos dos presupuestos y te contactaremos con excelentes profesionales del \u00e1mbito de la arquitectura, dise\u00f1o, jardiner\u00eda, instalaciones el\u00e9ctricas y de fontaner\u00eda. <br \/>Tu decidir\u00e1s el que m\u00e1s se ajusta a tus gustos y necesidades.<\/p><p>Igualmente, si tienes que realizar tr\u00e1mites ante el Ayuntamiento, la Agencia Tributaria de las Islas Baleares (ATIB), la Agencia Estatal de Administraci\u00f3n Tributaria (AEAT), el Gobierno de las lslas Baleares, o cualquier otro Organismo Gubernamental, nosotros te ayudamos.<\/p>\t\t\t\t\t\t\t\t<\/div>\n\t\t\t\t<\/div>\n\t\t\t\t\t<\/div>\n\t\t<\/div>\n\t\t\t\t<div class=\"elementor-column elementor-col-50 elementor-top-column elementor-element elementor-element-ba5577d\" data-id=\"ba5577d\" data-element_type=\"column\" data-e-type=\"column\">\n\t\t\t<div class=\"elementor-widget-wrap elementor-element-populated\">\n\t\t\t\t\t\t<div class=\"elementor-element elementor-element-e24f936 elementor-widget elementor-widget-image\" data-id=\"e24f936\" data-element_type=\"widget\" data-e-type=\"widget\" data-widget_type=\"image.default\">\n\t\t\t\t<div class=\"elementor-widget-container\">\n\t\t\t\t\t\t\t\t\t\t\t\t\t\t\t<img fetchpriority=\"high\" decoding=\"async\" width=\"850\" height=\"450\" src=\"https:\/\/carlayacomini.com\/wp-content\/uploads\/2021\/01\/09.jpg\" class=\"attachment-large size-large wp-image-920\" alt=\"\" srcset=\"https:\/\/carlayacomini.com\/wp-content\/uploads\/2021\/01\/09.jpg 850w, https:\/\/carlayacomini.com\/wp-content\/uploads\/2021\/01\/09-300x159.jpg 300w, https:\/\/carlayacomini.com\/wp-content\/uploads\/2021\/01\/09-768x407.jpg 768w, https:\/\/carlayacomini.com\/wp-content\/uploads\/2021\/01\/09-830x439.jpg 830w, https:\/\/carlayacomini.com\/wp-content\/uploads\/2021\/01\/09-230x122.jpg 230w, https:\/\/carlayacomini.com\/wp-content\/uploads\/2021\/01\/09-350x185.jpg 350w, https:\/\/carlayacomini.com\/wp-content\/uploads\/2021\/01\/09-480x254.jpg 480w\" sizes=\"(max-width: 850px) 100vw, 850px\" \/>\t\t\t\t\t\t\t\t\t\t\t\t\t\t\t<\/div>\n\t\t\t\t<\/div>\n\t\t\t\t\t<\/div>\n\t\t<\/div>\n\t\t\t\t\t<\/div>\n\t\t<\/section>\n\t\t\t\t<section class=\"elementor-section elementor-top-section elementor-element elementor-element-3714b99 elementor-section-boxed elementor-section-height-default elementor-section-height-default\" data-id=\"3714b99\" data-element_type=\"section\" data-e-type=\"section\">\n\t\t\t\t\t\t<div class=\"elementor-container elementor-column-gap-default\">\n\t\t\t\t\t<div class=\"elementor-column elementor-col-100 elementor-top-column elementor-element elementor-element-1af2722\" data-id=\"1af2722\" data-element_type=\"column\" data-e-type=\"column\">\n\t\t\t<div class=\"elementor-widget-wrap elementor-element-populated\">\n\t\t\t\t\t\t<div class=\"elementor-element elementor-element-08bde76 elementor-widget elementor-widget-text-editor\" data-id=\"08bde76\" data-element_type=\"widget\" data-e-type=\"widget\" data-widget_type=\"text-editor.default\">\n\t\t\t\t<div class=\"elementor-widget-container\">\n\t\t\t\t\t\t\t\t\t<p>Adem\u00e1s, podemos encargarnos de todo lo relativo a:<\/p><ul><li>La Documentaci\u00f3n de tu inmueble.<\/li><li>La Gesti\u00f3n de tus inquilinos.\u00a0<\/li><li>La Negociaci\u00f3n y el cobro de alquileres.\u00a0<\/li><li>Realizar pagos a proveedores y a empleados.\u00a0<\/li><li>Liquidar y pagar tus impuestos y tasas.\u00a0<\/li><li>Obtener los permisos y licencias necesarios si deseas realizar reparaciones o remodelaciones.<\/li><li>Hacer un seguimiento del mantenimiento t\u00e9cnico de la vivienda.\u00a0<\/li><li>Atender todo tipo de incidencias relacionadas con la vivienda.<\/li><\/ul>\t\t\t\t\t\t\t\t<\/div>\n\t\t\t\t<\/div>\n\t\t\t\t\t<\/div>\n\t\t<\/div>\n\t\t\t\t\t<\/div>\n\t\t<\/section>\n\t\t\t\t<section class=\"elementor-section elementor-top-section elementor-element elementor-element-2057e81 elementor-section-boxed elementor-section-height-default elementor-section-height-default\" data-id=\"2057e81\" data-element_type=\"section\" data-e-type=\"section\">\n\t\t\t\t\t\t<div class=\"elementor-container elementor-column-gap-default\">\n\t\t\t\t\t<div class=\"elementor-column elementor-col-100 elementor-top-column elementor-element elementor-element-dafb586\" data-id=\"dafb586\" data-element_type=\"column\" data-e-type=\"column\">\n\t\t\t<div class=\"elementor-widget-wrap elementor-element-populated\">\n\t\t\t\t\t\t<div class=\"elementor-element elementor-element-5aec3f4 elementor-view-default elementor-widget elementor-widget-icon\" data-id=\"5aec3f4\" data-element_type=\"widget\" data-e-type=\"widget\" data-widget_type=\"icon.default\">\n\t\t\t\t<div class=\"elementor-widget-container\">\n\t\t\t\t\t\t\t<div class=\"elementor-icon-wrapper\">\n\t\t\t<div class=\"elementor-icon\">\n\t\t\t<i aria-hidden=\"true\" class=\"fas fa-star\"><\/i>\t\t\t<\/div>\n\t\t<\/div>\n\t\t\t\t\t\t<\/div>\n\t\t\t\t<\/div>\n\t\t\t\t\t<\/div>\n\t\t<\/div>\n\t\t\t\t\t<\/div>\n\t\t<\/section>\n\t\t\t\t<section class=\"elementor-section elementor-top-section elementor-element elementor-element-7197c0e elementor-section-boxed elementor-section-height-default elementor-section-height-default\" data-id=\"7197c0e\" data-element_type=\"section\" data-e-type=\"section\" data-settings=\"{&quot;background_background&quot;:&quot;classic&quot;}\">\n\t\t\t\t\t\t<div class=\"elementor-container elementor-column-gap-default\">\n\t\t\t\t\t<div class=\"elementor-column elementor-col-100 elementor-top-column elementor-element elementor-element-d41efba\" data-id=\"d41efba\" data-element_type=\"column\" data-e-type=\"column\">\n\t\t\t<div class=\"elementor-widget-wrap elementor-element-populated\">\n\t\t\t\t\t\t<div class=\"elementor-element elementor-element-1e41079 elementor-widget elementor-widget-text-editor\" data-id=\"1e41079\" data-element_type=\"widget\" data-e-type=\"widget\" data-widget_type=\"text-editor.default\">\n\t\t\t\t<div class=\"elementor-widget-container\">\n\t\t\t\t\t\t\t\t\t<p style=\"text-align: center;\"><strong>\u00bfTienes dudas? <\/strong><\/p>\n<p style=\"text-align: center;\"><strong>\u00bfQuieres saber si podemos ayudarte?<\/strong><\/p>\n<p style=\"text-align: center;\"><a href=\"http:\/\/carlayacomini.com\/?page_id=1238&amp;lang=es\"><strong>Cont\u00e1ctanos. Pide tu presupuesto.<\/strong><\/a><\/p>\t\t\t\t\t\t\t\t<\/div>\n\t\t\t\t<\/div>\n\t\t\t\t\t<\/div>\n\t\t<\/div>\n\t\t\t\t\t<\/div>\n\t\t<\/section>\n\t\t\t\t<\/div>\n\t\t","protected":false},"excerpt":{"rendered":"<p>Administraci\u00f3n de patrimonio inmobiliario. Si lo que necesitas, por ejemplo, es remodelar tu inmueble te acompa\u00f1amos en todo el proceso de remodelaci\u00f3n. Solicitaremos al menos [&hellip;]<\/p>\n","protected":false},"author":1,"featured_media":0,"parent":0,"menu_order":0,"comment_status":"closed","ping_status":"closed","template":"page-templates\/page_front-page.php","meta":{"footnotes":""},"class_list":["post-1283","page","type-page","status-publish","hentry"],"aioseo_notices":[],"_links":{"self":[{"href":"https:\/\/carlayacomini.com\/index.php?rest_route=\/wp\/v2\/pages\/1283","targetHints":{"allow":["GET"]}}],"collection":[{"href":"https:\/\/carlayacomini.com\/index.php?rest_route=\/wp\/v2\/pages"}],"about":[{"href":"https:\/\/carlayacomini.com\/index.php?rest_route=\/wp\/v2\/types\/page"}],"author":[{"embeddable":true,"href":"https:\/\/carlayacomini.com\/index.php?rest_route=\/wp\/v2\/users\/1"}],"replies":[{"embeddable":true,"href":"https:\/\/carlayacomini.com\/index.php?rest_route=%2Fwp%2Fv2%2Fcomments&post=1283"}],"version-history":[{"count":25,"href":"https:\/\/carlayacomini.com\/index.php?rest_route=\/wp\/v2\/pages\/1283\/revisions"}],"predecessor-version":[{"id":2576,"href":"https:\/\/carlayacomini.com\/index.php?rest_route=\/wp\/v2\/pages\/1283\/revisions\/2576"}],"wp:attachment":[{"href":"https:\/\/carlayacomini.com\/index.php?rest_route=%2Fwp%2Fv2%2Fmedia&parent=1283"}],"curies":[{"name":"wp","href":"https:\/\/api.w.org\/{rel}","templated":true}]}}