{"id":1229,"date":"2021-01-11T16:15:06","date_gmt":"2021-01-11T16:15:06","guid":{"rendered":"http:\/\/carlayacomini.com\/?page_id=1229"},"modified":"2021-02-22T10:10:17","modified_gmt":"2021-02-22T10:10:17","slug":"nuestros-principales-servicios","status":"publish","type":"page","link":"https:\/\/carlayacomini.com\/?page_id=1229&lang=es","title":{"rendered":"Nuestros principales servicios"},"content":{"rendered":"\t\t<div data-elementor-type=\"wp-page\" data-elementor-id=\"1229\" class=\"elementor elementor-1229\">\n\t\t\t\t\t\t<section class=\"elementor-section elementor-top-section elementor-element elementor-element-b002f8b elementor-section-height-min-height elementor-section-boxed elementor-section-height-default elementor-section-items-middle\" data-id=\"b002f8b\" data-element_type=\"section\" data-e-type=\"section\" data-settings=\"{&quot;background_background&quot;:&quot;classic&quot;}\">\n\t\t\t\t\t\t\t<div class=\"elementor-background-overlay\"><\/div>\n\t\t\t\t\t\t\t<div class=\"elementor-container elementor-column-gap-default\">\n\t\t\t\t\t<div class=\"elementor-column elementor-col-100 elementor-top-column elementor-element elementor-element-b8606b1\" data-id=\"b8606b1\" data-element_type=\"column\" data-e-type=\"column\">\n\t\t\t<div class=\"elementor-widget-wrap\">\n\t\t\t\t\t\t\t<\/div>\n\t\t<\/div>\n\t\t\t\t\t<\/div>\n\t\t<\/section>\n\t\t\t\t<section class=\"elementor-section elementor-top-section elementor-element elementor-element-739b3e8 elementor-section-boxed elementor-section-height-default elementor-section-height-default\" data-id=\"739b3e8\" data-element_type=\"section\" data-e-type=\"section\" data-settings=\"{&quot;background_background&quot;:&quot;classic&quot;}\">\n\t\t\t\t\t\t<div class=\"elementor-container elementor-column-gap-default\">\n\t\t\t\t\t<div class=\"elementor-column elementor-col-100 elementor-top-column elementor-element elementor-element-862c810\" data-id=\"862c810\" data-element_type=\"column\" data-e-type=\"column\">\n\t\t\t<div class=\"elementor-widget-wrap elementor-element-populated\">\n\t\t\t\t\t\t<div class=\"elementor-element elementor-element-ac6c4eb elementor-widget elementor-widget-heading\" data-id=\"ac6c4eb\" data-element_type=\"widget\" data-e-type=\"widget\" data-widget_type=\"heading.default\">\n\t\t\t\t<div class=\"elementor-widget-container\">\n\t\t\t\t\t<h1 class=\"elementor-heading-title elementor-size-default\">\u00bfQu\u00e9 ofrecemos?<\/h1>\t\t\t\t<\/div>\n\t\t\t\t<\/div>\n\t\t\t\t<div class=\"elementor-element elementor-element-140d0c7 elementor-widget elementor-widget-heading\" data-id=\"140d0c7\" data-element_type=\"widget\" data-e-type=\"widget\" data-widget_type=\"heading.default\">\n\t\t\t\t<div class=\"elementor-widget-container\">\n\t\t\t\t\t<h2 class=\"elementor-heading-title elementor-size-default\">nUESTROS PRINCIPALES SERVICIOS<\/h2>\t\t\t\t<\/div>\n\t\t\t\t<\/div>\n\t\t\t\t<section class=\"elementor-section elementor-inner-section elementor-element elementor-element-d1569cd elementor-section-boxed elementor-section-height-default elementor-section-height-default\" data-id=\"d1569cd\" data-element_type=\"section\" data-e-type=\"section\">\n\t\t\t\t\t\t<div class=\"elementor-container elementor-column-gap-default\">\n\t\t\t\t\t<div class=\"elementor-column elementor-col-33 elementor-inner-column elementor-element elementor-element-88ab389\" data-id=\"88ab389\" data-element_type=\"column\" data-e-type=\"column\" data-settings=\"{&quot;background_background&quot;:&quot;classic&quot;}\">\n\t\t\t<div class=\"elementor-widget-wrap elementor-element-populated\">\n\t\t\t\t\t\t<div class=\"elementor-element elementor-element-74ca025 elementor-position-top elementor-widget elementor-widget-image-box\" data-id=\"74ca025\" data-element_type=\"widget\" data-e-type=\"widget\" data-widget_type=\"image-box.default\">\n\t\t\t\t<div class=\"elementor-widget-container\">\n\t\t\t\t\t<div class=\"elementor-image-box-wrapper\"><figure class=\"elementor-image-box-img\"><a href=\"https:\/\/carlayacomini.com\/?page_id=1264&#038;lang=es\" tabindex=\"-1\"><img decoding=\"async\" src=\"https:\/\/carlayacomini.com\/wp-content\/uploads\/2021\/01\/Comunidad-de-Propietarios-1.png\" title=\"\" alt=\"\" loading=\"lazy\" \/><\/a><\/figure><div class=\"elementor-image-box-content\"><h3 class=\"elementor-image-box-title\"><a href=\"https:\/\/carlayacomini.com\/?page_id=1264&#038;lang=es\">Gesti\u00f3n integral de Comunidades de Propietarios.<\/a><\/h3><p class=\"elementor-image-box-description\">Nos enfocamos, principalmente, en asesoramiento integral a Comunidades de Propietarios en temas de gesti\u00f3n, contrataci\u00f3n de servicios y proveedores, mantenimiento t\u00e9cnico de edificios, jardiner\u00eda, reparaciones y remodelaciones, y en asuntos fiscales como impositivos.<\/p><\/div><\/div>\t\t\t\t<\/div>\n\t\t\t\t<\/div>\n\t\t\t\t\t<\/div>\n\t\t<\/div>\n\t\t\t\t<div class=\"elementor-column elementor-col-33 elementor-inner-column elementor-element elementor-element-1ddd3fc\" data-id=\"1ddd3fc\" data-element_type=\"column\" data-e-type=\"column\" data-settings=\"{&quot;background_background&quot;:&quot;classic&quot;}\">\n\t\t\t<div class=\"elementor-widget-wrap elementor-element-populated\">\n\t\t\t\t\t\t<div class=\"elementor-element elementor-element-53629a7 elementor-position-top elementor-widget elementor-widget-image-box\" data-id=\"53629a7\" data-element_type=\"widget\" data-e-type=\"widget\" data-widget_type=\"image-box.default\">\n\t\t\t\t<div class=\"elementor-widget-container\">\n\t\t\t\t\t<div class=\"elementor-image-box-wrapper\"><figure class=\"elementor-image-box-img\"><a href=\"https:\/\/carlayacomini.com\/?page_id=1283&#038;lang=es\" tabindex=\"-1\"><img fetchpriority=\"high\" decoding=\"async\" width=\"600\" height=\"600\" src=\"https:\/\/carlayacomini.com\/wp-content\/uploads\/2021\/01\/Administracion-Patrominio-inmobiliario-1.png\" class=\"attachment-full size-full wp-image-1888\" alt=\"\" srcset=\"https:\/\/carlayacomini.com\/wp-content\/uploads\/2021\/01\/Administracion-Patrominio-inmobiliario-1.png 600w, https:\/\/carlayacomini.com\/wp-content\/uploads\/2021\/01\/Administracion-Patrominio-inmobiliario-1-300x300.png 300w, https:\/\/carlayacomini.com\/wp-content\/uploads\/2021\/01\/Administracion-Patrominio-inmobiliario-1-150x150.png 150w, https:\/\/carlayacomini.com\/wp-content\/uploads\/2021\/01\/Administracion-Patrominio-inmobiliario-1-230x230.png 230w, https:\/\/carlayacomini.com\/wp-content\/uploads\/2021\/01\/Administracion-Patrominio-inmobiliario-1-350x350.png 350w, https:\/\/carlayacomini.com\/wp-content\/uploads\/2021\/01\/Administracion-Patrominio-inmobiliario-1-480x480.png 480w\" sizes=\"(max-width: 600px) 100vw, 600px\" \/><\/a><\/figure><div class=\"elementor-image-box-content\"><h3 class=\"elementor-image-box-title\"><a href=\"https:\/\/carlayacomini.com\/?page_id=1283&#038;lang=es\">Administraci\u00f3n de patrimonio inmobiliario.<\/a><\/h3><p class=\"elementor-image-box-description\">Paralelamente, realizamos un manejo efectivo y eficaz de inmuebles, en funci\u00f3n de los objetivos y perfil de cada propietario, de la composici\u00f3n del patrimonio inmobiliario, y de las caracter\u00edsticas de cada uno de sus componentes.<\/p><\/div><\/div>\t\t\t\t<\/div>\n\t\t\t\t<\/div>\n\t\t\t\t\t<\/div>\n\t\t<\/div>\n\t\t\t\t<div class=\"elementor-column elementor-col-33 elementor-inner-column elementor-element elementor-element-21c1c6d\" data-id=\"21c1c6d\" data-element_type=\"column\" data-e-type=\"column\" data-settings=\"{&quot;background_background&quot;:&quot;classic&quot;}\">\n\t\t\t<div class=\"elementor-widget-wrap elementor-element-populated\">\n\t\t\t\t\t\t<div class=\"elementor-element elementor-element-3dbe369 elementor-position-top elementor-widget elementor-widget-image-box\" data-id=\"3dbe369\" data-element_type=\"widget\" data-e-type=\"widget\" data-widget_type=\"image-box.default\">\n\t\t\t\t<div class=\"elementor-widget-container\">\n\t\t\t\t\t<div class=\"elementor-image-box-wrapper\"><figure class=\"elementor-image-box-img\"><a href=\"https:\/\/carlayacomini.com\/?page_id=1295&#038;lang=es\" tabindex=\"-1\"><img decoding=\"async\" width=\"600\" height=\"600\" src=\"https:\/\/carlayacomini.com\/wp-content\/uploads\/2021\/01\/Asistencia-compra-y-venta-de-inmuebles-1.png\" class=\"attachment-full size-full wp-image-1890\" alt=\"\" srcset=\"https:\/\/carlayacomini.com\/wp-content\/uploads\/2021\/01\/Asistencia-compra-y-venta-de-inmuebles-1.png 600w, https:\/\/carlayacomini.com\/wp-content\/uploads\/2021\/01\/Asistencia-compra-y-venta-de-inmuebles-1-300x300.png 300w, https:\/\/carlayacomini.com\/wp-content\/uploads\/2021\/01\/Asistencia-compra-y-venta-de-inmuebles-1-150x150.png 150w, https:\/\/carlayacomini.com\/wp-content\/uploads\/2021\/01\/Asistencia-compra-y-venta-de-inmuebles-1-230x230.png 230w, https:\/\/carlayacomini.com\/wp-content\/uploads\/2021\/01\/Asistencia-compra-y-venta-de-inmuebles-1-350x350.png 350w, https:\/\/carlayacomini.com\/wp-content\/uploads\/2021\/01\/Asistencia-compra-y-venta-de-inmuebles-1-480x480.png 480w\" sizes=\"(max-width: 600px) 100vw, 600px\" \/><\/a><\/figure><div class=\"elementor-image-box-content\"><h3 class=\"elementor-image-box-title\"><a href=\"https:\/\/carlayacomini.com\/?page_id=1295&#038;lang=es\">Asistencia en la compraventa de inmuebles, y otros asuntos notariales.<\/a><\/h3><p class=\"elementor-image-box-description\">Intermediamos durante la negociaci\u00f3n de compraventa, con inmobiliarias o propietarios directamente, y brindamos asistencia para tener toda la documentaci\u00f3n preparada para el d\u00eda de la firma en la Notar\u00eda que t\u00fa elijas.<\/p><\/div><\/div>\t\t\t\t<\/div>\n\t\t\t\t<\/div>\n\t\t\t\t\t<\/div>\n\t\t<\/div>\n\t\t\t\t\t<\/div>\n\t\t<\/section>\n\t\t\t\t<section class=\"elementor-section elementor-inner-section elementor-element elementor-element-e0a8f3f elementor-section-boxed elementor-section-height-default elementor-section-height-default\" data-id=\"e0a8f3f\" data-element_type=\"section\" data-e-type=\"section\">\n\t\t\t\t\t\t<div class=\"elementor-container elementor-column-gap-default\">\n\t\t\t\t\t<div class=\"elementor-column elementor-col-33 elementor-inner-column elementor-element elementor-element-e79f1e7\" data-id=\"e79f1e7\" data-element_type=\"column\" data-e-type=\"column\" data-settings=\"{&quot;background_background&quot;:&quot;classic&quot;}\">\n\t\t\t<div class=\"elementor-widget-wrap elementor-element-populated\">\n\t\t\t\t\t\t<div class=\"elementor-element elementor-element-36847e6 elementor-position-top elementor-widget elementor-widget-image-box\" data-id=\"36847e6\" data-element_type=\"widget\" data-e-type=\"widget\" data-widget_type=\"image-box.default\">\n\t\t\t\t<div class=\"elementor-widget-container\">\n\t\t\t\t\t<div class=\"elementor-image-box-wrapper\"><figure class=\"elementor-image-box-img\"><a href=\"https:\/\/carlayacomini.com\/?page_id=1307&#038;lang=es\" tabindex=\"-1\"><img decoding=\"async\" width=\"600\" height=\"600\" src=\"https:\/\/carlayacomini.com\/wp-content\/uploads\/2021\/01\/Contratacion-de-servicios-y-proveedores-1.png\" class=\"attachment-full size-full wp-image-1891\" alt=\"\" srcset=\"https:\/\/carlayacomini.com\/wp-content\/uploads\/2021\/01\/Contratacion-de-servicios-y-proveedores-1.png 600w, https:\/\/carlayacomini.com\/wp-content\/uploads\/2021\/01\/Contratacion-de-servicios-y-proveedores-1-300x300.png 300w, https:\/\/carlayacomini.com\/wp-content\/uploads\/2021\/01\/Contratacion-de-servicios-y-proveedores-1-150x150.png 150w, https:\/\/carlayacomini.com\/wp-content\/uploads\/2021\/01\/Contratacion-de-servicios-y-proveedores-1-230x230.png 230w, https:\/\/carlayacomini.com\/wp-content\/uploads\/2021\/01\/Contratacion-de-servicios-y-proveedores-1-350x350.png 350w, https:\/\/carlayacomini.com\/wp-content\/uploads\/2021\/01\/Contratacion-de-servicios-y-proveedores-1-480x480.png 480w\" sizes=\"(max-width: 600px) 100vw, 600px\" \/><\/a><\/figure><div class=\"elementor-image-box-content\"><h3 class=\"elementor-image-box-title\"><a href=\"https:\/\/carlayacomini.com\/?page_id=1307&#038;lang=es\">Contrataci\u00f3n de servicios y proveedores.<\/a><\/h3><p class=\"elementor-image-box-description\">Tambi\u00e9n, ofrecemos asistencia en la actualizaci\u00f3n de los t\u00e9rminos o en la primera contrataci\u00f3n de servicios como jardiner\u00eda, luz, agua, gas, tel\u00e9fono, seguros, internet y mantenimiento de ascensores, por ejemplo.<\/p><\/div><\/div>\t\t\t\t<\/div>\n\t\t\t\t<\/div>\n\t\t\t\t\t<\/div>\n\t\t<\/div>\n\t\t\t\t<div class=\"elementor-column elementor-col-33 elementor-inner-column elementor-element elementor-element-403f472\" data-id=\"403f472\" data-element_type=\"column\" data-e-type=\"column\" data-settings=\"{&quot;background_background&quot;:&quot;classic&quot;}\">\n\t\t\t<div class=\"elementor-widget-wrap elementor-element-populated\">\n\t\t\t\t\t\t<div class=\"elementor-element elementor-element-6a0bb63 elementor-position-top elementor-widget elementor-widget-image-box\" data-id=\"6a0bb63\" data-element_type=\"widget\" data-e-type=\"widget\" data-widget_type=\"image-box.default\">\n\t\t\t\t<div class=\"elementor-widget-container\">\n\t\t\t\t\t<div class=\"elementor-image-box-wrapper\"><figure class=\"elementor-image-box-img\"><a href=\"https:\/\/carlayacomini.com\/?page_id=1345&#038;lang=es\" tabindex=\"-1\"><img loading=\"lazy\" decoding=\"async\" width=\"600\" height=\"600\" src=\"https:\/\/carlayacomini.com\/wp-content\/uploads\/2021\/01\/Gestiones-impositivas-y-otras-1.png\" class=\"attachment-full size-full wp-image-1892\" alt=\"\" srcset=\"https:\/\/carlayacomini.com\/wp-content\/uploads\/2021\/01\/Gestiones-impositivas-y-otras-1.png 600w, https:\/\/carlayacomini.com\/wp-content\/uploads\/2021\/01\/Gestiones-impositivas-y-otras-1-300x300.png 300w, https:\/\/carlayacomini.com\/wp-content\/uploads\/2021\/01\/Gestiones-impositivas-y-otras-1-150x150.png 150w, https:\/\/carlayacomini.com\/wp-content\/uploads\/2021\/01\/Gestiones-impositivas-y-otras-1-230x230.png 230w, https:\/\/carlayacomini.com\/wp-content\/uploads\/2021\/01\/Gestiones-impositivas-y-otras-1-350x350.png 350w, https:\/\/carlayacomini.com\/wp-content\/uploads\/2021\/01\/Gestiones-impositivas-y-otras-1-480x480.png 480w\" sizes=\"(max-width: 600px) 100vw, 600px\" \/><\/a><\/figure><div class=\"elementor-image-box-content\"><h3 class=\"elementor-image-box-title\"><a href=\"https:\/\/carlayacomini.com\/?page_id=1345&#038;lang=es\">Gestiones impositivas y otras.<\/a><\/h3><p class=\"elementor-image-box-description\">Brindamos apoyo en gestiones fiscales e impositivas ante Organismos Gubernamentales Locales, Regionales y Nacionales, como la Agencia Tributaria de las Islas Baleares (ATIB), la Agencia Espa\u00f1ola de Administraci\u00f3n Tributaria (AEAT), los distintos Ayuntamientos, el Catastro o el Registro respectivo.<\/p><\/div><\/div>\t\t\t\t<\/div>\n\t\t\t\t<\/div>\n\t\t\t\t\t<\/div>\n\t\t<\/div>\n\t\t\t\t<div class=\"elementor-column elementor-col-33 elementor-inner-column elementor-element elementor-element-ff806fa\" data-id=\"ff806fa\" data-element_type=\"column\" data-e-type=\"column\" data-settings=\"{&quot;background_background&quot;:&quot;classic&quot;}\">\n\t\t\t<div class=\"elementor-widget-wrap elementor-element-populated\">\n\t\t\t\t\t\t<div class=\"elementor-element elementor-element-1daffb1 elementor-position-top elementor-widget elementor-widget-image-box\" data-id=\"1daffb1\" data-element_type=\"widget\" data-e-type=\"widget\" data-widget_type=\"image-box.default\">\n\t\t\t\t<div class=\"elementor-widget-container\">\n\t\t\t\t\t<div class=\"elementor-image-box-wrapper\"><figure class=\"elementor-image-box-img\"><a href=\"https:\/\/carlayacomini.com\/?page_id=1345&#038;lang=es\" tabindex=\"-1\"><img loading=\"lazy\" decoding=\"async\" width=\"600\" height=\"600\" src=\"https:\/\/carlayacomini.com\/wp-content\/uploads\/2021\/01\/Gestiones-impositivas-y-otras-1.png\" class=\"attachment-full size-full wp-image-1892\" alt=\"\" srcset=\"https:\/\/carlayacomini.com\/wp-content\/uploads\/2021\/01\/Gestiones-impositivas-y-otras-1.png 600w, https:\/\/carlayacomini.com\/wp-content\/uploads\/2021\/01\/Gestiones-impositivas-y-otras-1-300x300.png 300w, https:\/\/carlayacomini.com\/wp-content\/uploads\/2021\/01\/Gestiones-impositivas-y-otras-1-150x150.png 150w, https:\/\/carlayacomini.com\/wp-content\/uploads\/2021\/01\/Gestiones-impositivas-y-otras-1-230x230.png 230w, https:\/\/carlayacomini.com\/wp-content\/uploads\/2021\/01\/Gestiones-impositivas-y-otras-1-350x350.png 350w, https:\/\/carlayacomini.com\/wp-content\/uploads\/2021\/01\/Gestiones-impositivas-y-otras-1-480x480.png 480w\" sizes=\"(max-width: 600px) 100vw, 600px\" \/><\/a><\/figure><div class=\"elementor-image-box-content\"><h3 class=\"elementor-image-box-title\"><a href=\"https:\/\/carlayacomini.com\/?page_id=1345&#038;lang=es\">Gestiones impositivas y otras.<\/a><\/h3><p class=\"elementor-image-box-description\">Tambi\u00e9n te asistimos en tr\u00e1mites de solicitud de Nacionalidad Espa\u00f1ola por Residencia y de N\u00famero de Identidad de Extranjero (NIE).<\/p><\/div><\/div>\t\t\t\t<\/div>\n\t\t\t\t<\/div>\n\t\t\t\t\t<\/div>\n\t\t<\/div>\n\t\t\t\t\t<\/div>\n\t\t<\/section>\n\t\t\t\t<div class=\"elementor-element elementor-element-158613e elementor-widget elementor-widget-text-editor\" data-id=\"158613e\" data-element_type=\"widget\" data-e-type=\"widget\" data-widget_type=\"text-editor.default\">\n\t\t\t\t<div class=\"elementor-widget-container\">\n\t\t\t\t\t\t\t\t\t<p style=\"text-align: center;\"><strong>\u00bfTienes dudas? <\/strong><\/p>\n<p style=\"text-align: center;\"><strong>\u00bfQuieres saber si podemos ayudarte?<\/strong><\/p>\n<p style=\"text-align: center;\"><a href=\"https:\/\/carlayacomini.com\/?page_id=1238&amp;lang=es\"><strong>Cont\u00e1ctanos. Pide tu presupuesto.<\/strong><\/a><\/p>\t\t\t\t\t\t\t\t<\/div>\n\t\t\t\t<\/div>\n\t\t\t\t\t<\/div>\n\t\t<\/div>\n\t\t\t\t\t<\/div>\n\t\t<\/section>\n\t\t\t\t<\/div>\n\t\t","protected":false},"excerpt":{"rendered":"<p>\u00bfQu\u00e9 ofrecemos? nUESTROS PRINCIPALES SERVICIOS Gesti\u00f3n integral de Comunidades de Propietarios. Nos enfocamos, principalmente, en asesoramiento integral a Comunidades de Propietarios en temas de gesti\u00f3n, [&hellip;]<\/p>\n","protected":false},"author":1,"featured_media":0,"parent":0,"menu_order":0,"comment_status":"closed","ping_status":"closed","template":"page-templates\/page_front-page.php","meta":{"footnotes":""},"class_list":["post-1229","page","type-page","status-publish","hentry"],"aioseo_notices":[],"_links":{"self":[{"href":"https:\/\/carlayacomini.com\/index.php?rest_route=\/wp\/v2\/pages\/1229","targetHints":{"allow":["GET"]}}],"collection":[{"href":"https:\/\/carlayacomini.com\/index.php?rest_route=\/wp\/v2\/pages"}],"about":[{"href":"https:\/\/carlayacomini.com\/index.php?rest_route=\/wp\/v2\/types\/page"}],"author":[{"embeddable":true,"href":"https:\/\/carlayacomini.com\/index.php?rest_route=\/wp\/v2\/users\/1"}],"replies":[{"embeddable":true,"href":"https:\/\/carlayacomini.com\/index.php?rest_route=%2Fwp%2Fv2%2Fcomments&post=1229"}],"version-history":[{"count":43,"href":"https:\/\/carlayacomini.com\/index.php?rest_route=\/wp\/v2\/pages\/1229\/revisions"}],"predecessor-version":[{"id":2570,"href":"https:\/\/carlayacomini.com\/index.php?rest_route=\/wp\/v2\/pages\/1229\/revisions\/2570"}],"wp:attachment":[{"href":"https:\/\/carlayacomini.com\/index.php?rest_route=%2Fwp%2Fv2%2Fmedia&parent=1229"}],"curies":[{"name":"wp","href":"https:\/\/api.w.org\/{rel}","templated":true}]}}