{"id":1187,"date":"2021-01-11T12:06:13","date_gmt":"2021-01-11T12:06:13","guid":{"rendered":"http:\/\/carlayacomini.com\/?page_id=1187"},"modified":"2021-02-22T09:48:57","modified_gmt":"2021-02-22T09:48:57","slug":"steuerangelegenheiten-und-sonstiges","status":"publish","type":"page","link":"https:\/\/carlayacomini.com\/?page_id=1187&lang=de","title":{"rendered":"Steuerangelegenheiten und Sonstiges"},"content":{"rendered":"\t\t<div data-elementor-type=\"wp-page\" data-elementor-id=\"1187\" class=\"elementor elementor-1187\">\n\t\t\t\t\t\t<section class=\"elementor-section elementor-top-section elementor-element elementor-element-c0ee685 elementor-section-height-min-height elementor-section-boxed elementor-section-height-default elementor-section-items-middle\" data-id=\"c0ee685\" data-element_type=\"section\" data-e-type=\"section\" data-settings=\"{&quot;background_background&quot;:&quot;classic&quot;}\">\n\t\t\t\t\t\t\t<div class=\"elementor-background-overlay\"><\/div>\n\t\t\t\t\t\t\t<div class=\"elementor-container elementor-column-gap-default\">\n\t\t\t\t\t<div class=\"elementor-column elementor-col-100 elementor-top-column elementor-element elementor-element-8d22b19\" data-id=\"8d22b19\" data-element_type=\"column\" data-e-type=\"column\">\n\t\t\t<div class=\"elementor-widget-wrap\">\n\t\t\t\t\t\t\t<\/div>\n\t\t<\/div>\n\t\t\t\t\t<\/div>\n\t\t<\/section>\n\t\t\t\t<section class=\"elementor-section elementor-top-section elementor-element elementor-element-3ceb0ae elementor-section-boxed elementor-section-height-default elementor-section-height-default\" data-id=\"3ceb0ae\" data-element_type=\"section\" data-e-type=\"section\">\n\t\t\t\t\t\t<div class=\"elementor-container elementor-column-gap-default\">\n\t\t\t\t\t<div class=\"elementor-column elementor-col-100 elementor-top-column elementor-element elementor-element-481f9ff\" data-id=\"481f9ff\" data-element_type=\"column\" data-e-type=\"column\">\n\t\t\t<div class=\"elementor-widget-wrap elementor-element-populated\">\n\t\t\t\t\t\t<div class=\"elementor-element elementor-element-c3534b6 elementor-widget elementor-widget-heading\" data-id=\"c3534b6\" data-element_type=\"widget\" data-e-type=\"widget\" data-widget_type=\"heading.default\">\n\t\t\t\t<div class=\"elementor-widget-container\">\n\t\t\t\t\t<h1 class=\"elementor-heading-title elementor-size-default\">Steuerangelegenheiten und Sonstiges<\/h1>\t\t\t\t<\/div>\n\t\t\t\t<\/div>\n\t\t\t\t\t<\/div>\n\t\t<\/div>\n\t\t\t\t\t<\/div>\n\t\t<\/section>\n\t\t\t\t<section class=\"elementor-section elementor-top-section elementor-element elementor-element-cf8a228 elementor-section-boxed elementor-section-height-default elementor-section-height-default\" data-id=\"cf8a228\" data-element_type=\"section\" data-e-type=\"section\">\n\t\t\t\t\t\t<div class=\"elementor-container elementor-column-gap-default\">\n\t\t\t\t\t<div class=\"elementor-column elementor-col-50 elementor-top-column elementor-element elementor-element-00f2521\" data-id=\"00f2521\" data-element_type=\"column\" data-e-type=\"column\">\n\t\t\t<div class=\"elementor-widget-wrap elementor-element-populated\">\n\t\t\t\t\t\t<div class=\"elementor-element elementor-element-d491583 elementor-widget elementor-widget-text-editor\" data-id=\"d491583\" data-element_type=\"widget\" data-e-type=\"widget\" data-widget_type=\"text-editor.default\">\n\t\t\t\t<div class=\"elementor-widget-container\">\n\t\t\t\t\t\t\t\t\t<p>M\u00fcssen Sie die Steuererkl\u00e4rung f\u00fcr Nichtans\u00e4ssige (Formular 210) Abgeben?<\/p><p>Machen Sie sich keine Sorgen; wir werden ihn erkl\u00e4ren worum genau es sich bei dieser Steuer handelt, und wir werden Ihnen mitteilen wie und wann diese eingereicht Werden muss.<\/p><p>Wissen sie nicht, was das IBI, ATIB oder AEAT ist?<\/p><p>Haben Sie eine Benachrichtigung erhalten und wissen nicht, worum es sich dabei handelt?Sie k\u00f6nnen sich mit uns in Kontakt setzen und wir werden Ihnen die entsprechende Unterst\u00fctzung geben.<\/p><p>Brauchen Sie die Ausl\u00e4nderidentit\u00e4tsnummer (NIE) weil Sie einen Wohnsitz auf der Insel kaufen m\u00f6chten oder hier ein Bankkonto er\u00f6ffnen m\u00f6chten, werden wir Ihnen dabei helfen.<\/p><p>M\u00f6chten sie die spanische Nationalit\u00e4t nach Residenz beantragen? Dann warten Sie nicht um uns zu kontaktieren.<\/p>\t\t\t\t\t\t\t\t<\/div>\n\t\t\t\t<\/div>\n\t\t\t\t\t<\/div>\n\t\t<\/div>\n\t\t\t\t<div class=\"elementor-column elementor-col-50 elementor-top-column elementor-element elementor-element-ae9274b\" data-id=\"ae9274b\" data-element_type=\"column\" data-e-type=\"column\">\n\t\t\t<div class=\"elementor-widget-wrap elementor-element-populated\">\n\t\t\t\t\t\t<div class=\"elementor-element elementor-element-978b682 elementor-widget elementor-widget-image\" data-id=\"978b682\" data-element_type=\"widget\" data-e-type=\"widget\" data-widget_type=\"image.default\">\n\t\t\t\t<div class=\"elementor-widget-container\">\n\t\t\t\t\t\t\t\t\t\t\t\t\t\t\t<img fetchpriority=\"high\" decoding=\"async\" width=\"850\" height=\"450\" src=\"https:\/\/carlayacomini.com\/wp-content\/uploads\/2021\/01\/11.jpg\" class=\"attachment-large size-large wp-image-944\" alt=\"\" srcset=\"https:\/\/carlayacomini.com\/wp-content\/uploads\/2021\/01\/11.jpg 850w, https:\/\/carlayacomini.com\/wp-content\/uploads\/2021\/01\/11-300x159.jpg 300w, https:\/\/carlayacomini.com\/wp-content\/uploads\/2021\/01\/11-768x407.jpg 768w, https:\/\/carlayacomini.com\/wp-content\/uploads\/2021\/01\/11-830x439.jpg 830w, https:\/\/carlayacomini.com\/wp-content\/uploads\/2021\/01\/11-230x122.jpg 230w, https:\/\/carlayacomini.com\/wp-content\/uploads\/2021\/01\/11-350x185.jpg 350w, https:\/\/carlayacomini.com\/wp-content\/uploads\/2021\/01\/11-480x254.jpg 480w\" sizes=\"(max-width: 850px) 100vw, 850px\" \/>\t\t\t\t\t\t\t\t\t\t\t\t\t\t\t<\/div>\n\t\t\t\t<\/div>\n\t\t\t\t\t<\/div>\n\t\t<\/div>\n\t\t\t\t\t<\/div>\n\t\t<\/section>\n\t\t\t\t<section class=\"elementor-section elementor-top-section elementor-element elementor-element-6a6ef05 elementor-section-boxed elementor-section-height-default elementor-section-height-default\" data-id=\"6a6ef05\" data-element_type=\"section\" data-e-type=\"section\">\n\t\t\t\t\t\t<div class=\"elementor-container elementor-column-gap-default\">\n\t\t\t\t\t<div class=\"elementor-column elementor-col-100 elementor-top-column elementor-element elementor-element-9d93843\" data-id=\"9d93843\" data-element_type=\"column\" data-e-type=\"column\">\n\t\t\t<div class=\"elementor-widget-wrap\">\n\t\t\t\t\t\t\t<\/div>\n\t\t<\/div>\n\t\t\t\t\t<\/div>\n\t\t<\/section>\n\t\t\t\t<section class=\"elementor-section elementor-top-section elementor-element elementor-element-985ccd1 elementor-section-boxed elementor-section-height-default elementor-section-height-default\" data-id=\"985ccd1\" data-element_type=\"section\" data-e-type=\"section\">\n\t\t\t\t\t\t<div class=\"elementor-container elementor-column-gap-default\">\n\t\t\t\t\t<div class=\"elementor-column elementor-col-100 elementor-top-column elementor-element elementor-element-517c672\" data-id=\"517c672\" data-element_type=\"column\" data-e-type=\"column\">\n\t\t\t<div class=\"elementor-widget-wrap elementor-element-populated\">\n\t\t\t\t\t\t<div class=\"elementor-element elementor-element-5ecbd52 elementor-view-default elementor-widget elementor-widget-icon\" data-id=\"5ecbd52\" data-element_type=\"widget\" data-e-type=\"widget\" data-widget_type=\"icon.default\">\n\t\t\t\t<div class=\"elementor-widget-container\">\n\t\t\t\t\t\t\t<div class=\"elementor-icon-wrapper\">\n\t\t\t<div class=\"elementor-icon\">\n\t\t\t<i aria-hidden=\"true\" class=\"fas fa-star\"><\/i>\t\t\t<\/div>\n\t\t<\/div>\n\t\t\t\t\t\t<\/div>\n\t\t\t\t<\/div>\n\t\t\t\t\t<\/div>\n\t\t<\/div>\n\t\t\t\t\t<\/div>\n\t\t<\/section>\n\t\t\t\t<section class=\"elementor-section elementor-top-section elementor-element elementor-element-66f401e elementor-section-boxed elementor-section-height-default elementor-section-height-default\" data-id=\"66f401e\" data-element_type=\"section\" data-e-type=\"section\" data-settings=\"{&quot;background_background&quot;:&quot;classic&quot;}\">\n\t\t\t\t\t\t<div class=\"elementor-container elementor-column-gap-default\">\n\t\t\t\t\t<div class=\"elementor-column elementor-col-100 elementor-top-column elementor-element elementor-element-47094c0\" data-id=\"47094c0\" data-element_type=\"column\" data-e-type=\"column\">\n\t\t\t<div class=\"elementor-widget-wrap elementor-element-populated\">\n\t\t\t\t\t\t<div class=\"elementor-element elementor-element-6294358 elementor-widget elementor-widget-text-editor\" data-id=\"6294358\" data-element_type=\"widget\" data-e-type=\"widget\" data-widget_type=\"text-editor.default\">\n\t\t\t\t<div class=\"elementor-widget-container\">\n\t\t\t\t\t\t\t\t\t<p style=\"text-align: center;\"><strong>Haben Sie Fragen?<\/strong><\/p>\n<p style=\"text-align: center;\"><strong>M\u00f6chten Sie wissen ob wir Ihnen behilflich sein k\u00f6nnen?<\/strong><\/p>\n<p style=\"text-align: center;\"><a href=\"http:\/\/carlayacomini.com\/?page_id=1110&amp;lang=de\"><strong>Kontaktieren Sie uns. Vordern Sie einen Kostenvoranschlag an.<\/strong><\/a><\/p>\t\t\t\t\t\t\t\t<\/div>\n\t\t\t\t<\/div>\n\t\t\t\t\t<\/div>\n\t\t<\/div>\n\t\t\t\t\t<\/div>\n\t\t<\/section>\n\t\t\t\t<\/div>\n\t\t","protected":false},"excerpt":{"rendered":"<p>Steuerangelegenheiten und Sonstiges M\u00fcssen Sie die Steuererkl\u00e4rung f\u00fcr Nichtans\u00e4ssige (Formular 210) Abgeben? Machen Sie sich keine Sorgen; wir werden ihn erkl\u00e4ren worum genau es sich [&hellip;]<\/p>\n","protected":false},"author":1,"featured_media":0,"parent":0,"menu_order":0,"comment_status":"closed","ping_status":"closed","template":"page-templates\/page_front-page.php","meta":{"footnotes":""},"class_list":["post-1187","page","type-page","status-publish","hentry"],"aioseo_notices":[],"_links":{"self":[{"href":"https:\/\/carlayacomini.com\/index.php?rest_route=\/wp\/v2\/pages\/1187","targetHints":{"allow":["GET"]}}],"collection":[{"href":"https:\/\/carlayacomini.com\/index.php?rest_route=\/wp\/v2\/pages"}],"about":[{"href":"https:\/\/carlayacomini.com\/index.php?rest_route=\/wp\/v2\/types\/page"}],"author":[{"embeddable":true,"href":"https:\/\/carlayacomini.com\/index.php?rest_route=\/wp\/v2\/users\/1"}],"replies":[{"embeddable":true,"href":"https:\/\/carlayacomini.com\/index.php?rest_route=%2Fwp%2Fv2%2Fcomments&post=1187"}],"version-history":[{"count":22,"href":"https:\/\/carlayacomini.com\/index.php?rest_route=\/wp\/v2\/pages\/1187\/revisions"}],"predecessor-version":[{"id":2549,"href":"https:\/\/carlayacomini.com\/index.php?rest_route=\/wp\/v2\/pages\/1187\/revisions\/2549"}],"wp:attachment":[{"href":"https:\/\/carlayacomini.com\/index.php?rest_route=%2Fwp%2Fv2%2Fmedia&parent=1187"}],"curies":[{"name":"wp","href":"https:\/\/api.w.org\/{rel}","templated":true}]}}