{"id":1175,"date":"2021-01-11T11:59:16","date_gmt":"2021-01-11T11:59:16","guid":{"rendered":"http:\/\/carlayacomini.com\/?page_id=1175"},"modified":"2021-02-22T09:47:59","modified_gmt":"2021-02-22T09:47:59","slug":"inanspruchnahme-von-dienstleistungen-und-anbietern","status":"publish","type":"page","link":"https:\/\/carlayacomini.com\/?page_id=1175&lang=de","title":{"rendered":"Inanspruchnahme von Dienstleistungen und Anbietern"},"content":{"rendered":"\t\t<div data-elementor-type=\"wp-page\" data-elementor-id=\"1175\" class=\"elementor elementor-1175\">\n\t\t\t\t\t\t<section class=\"elementor-section elementor-top-section elementor-element elementor-element-ee77cdb elementor-section-height-min-height elementor-section-boxed elementor-section-height-default elementor-section-items-middle\" data-id=\"ee77cdb\" data-element_type=\"section\" data-e-type=\"section\" data-settings=\"{&quot;background_background&quot;:&quot;classic&quot;}\">\n\t\t\t\t\t\t\t<div class=\"elementor-background-overlay\"><\/div>\n\t\t\t\t\t\t\t<div class=\"elementor-container elementor-column-gap-default\">\n\t\t\t\t\t<div class=\"elementor-column elementor-col-100 elementor-top-column elementor-element elementor-element-4a078e7\" data-id=\"4a078e7\" data-element_type=\"column\" data-e-type=\"column\">\n\t\t\t<div class=\"elementor-widget-wrap\">\n\t\t\t\t\t\t\t<\/div>\n\t\t<\/div>\n\t\t\t\t\t<\/div>\n\t\t<\/section>\n\t\t\t\t<section class=\"elementor-section elementor-top-section elementor-element elementor-element-f17116a elementor-section-boxed elementor-section-height-default elementor-section-height-default\" data-id=\"f17116a\" data-element_type=\"section\" data-e-type=\"section\">\n\t\t\t\t\t\t<div class=\"elementor-container elementor-column-gap-default\">\n\t\t\t\t\t<div class=\"elementor-column elementor-col-100 elementor-top-column elementor-element elementor-element-02af277\" data-id=\"02af277\" data-element_type=\"column\" data-e-type=\"column\">\n\t\t\t<div class=\"elementor-widget-wrap elementor-element-populated\">\n\t\t\t\t\t\t<div class=\"elementor-element elementor-element-ea48843 elementor-widget elementor-widget-heading\" data-id=\"ea48843\" data-element_type=\"widget\" data-e-type=\"widget\" data-widget_type=\"heading.default\">\n\t\t\t\t<div class=\"elementor-widget-container\">\n\t\t\t\t\t<h1 class=\"elementor-heading-title elementor-size-default\">Inanspruchnahme von Dienstleistungen und Anbietern<\/h1>\t\t\t\t<\/div>\n\t\t\t\t<\/div>\n\t\t\t\t\t<\/div>\n\t\t<\/div>\n\t\t\t\t\t<\/div>\n\t\t<\/section>\n\t\t\t\t<section class=\"elementor-section elementor-top-section elementor-element elementor-element-0667abd elementor-section-boxed elementor-section-height-default elementor-section-height-default\" data-id=\"0667abd\" data-element_type=\"section\" data-e-type=\"section\">\n\t\t\t\t\t\t<div class=\"elementor-container elementor-column-gap-default\">\n\t\t\t\t\t<div class=\"elementor-column elementor-col-50 elementor-top-column elementor-element elementor-element-c607e25\" data-id=\"c607e25\" data-element_type=\"column\" data-e-type=\"column\">\n\t\t\t<div class=\"elementor-widget-wrap elementor-element-populated\">\n\t\t\t\t\t\t<div class=\"elementor-element elementor-element-8586308 elementor-widget elementor-widget-text-editor\" data-id=\"8586308\" data-element_type=\"widget\" data-e-type=\"widget\" data-widget_type=\"text-editor.default\">\n\t\t\t\t<div class=\"elementor-widget-container\">\n\t\t\t\t\t\t\t\t\t<p>Wenn es um die Verwaltung Ihrer Immobilien geht K\u00f6nnen Sie sicher sein dass wir nur die besten Fachleute in der Gegend einstellen werden.<\/p><p>Sollten sie Internet f\u00fcr ihr Zuhause ben\u00f6tigen eine Versicherung f\u00fcr Haus oder Auto abschliessen m\u00f6chten, \u00a0\u00c4nderungen an ihren Strom-, Wasser-, oder Gasvertr\u00e4gen vornehmen wollen oder auch Angebote f\u00fcr Gartenarbeiten sowie Poolpflege einholen m\u00f6chten, k\u00f6nnen Sie auch dabei mit unserer Unterst\u00fctzung rechnen.<\/p><p>Wir werden Ihnen mindestens zwei Angebote unterbreiten, nachdem wir das Preis-Leistungs-Verh\u00e4ltnis \u00fcberpr\u00fcft haben , die Antwortzeiten, die Qualit\u00e4t des Kundenservices und die von jedem einzelnen Anbieter gebotenen Garantien bewertet haben.<\/p>\t\t\t\t\t\t\t\t<\/div>\n\t\t\t\t<\/div>\n\t\t\t\t\t<\/div>\n\t\t<\/div>\n\t\t\t\t<div class=\"elementor-column elementor-col-50 elementor-top-column elementor-element elementor-element-c2ec28f\" data-id=\"c2ec28f\" data-element_type=\"column\" data-e-type=\"column\">\n\t\t\t<div class=\"elementor-widget-wrap elementor-element-populated\">\n\t\t\t\t\t\t<div class=\"elementor-element elementor-element-e9f3eb8 elementor-widget elementor-widget-image\" data-id=\"e9f3eb8\" data-element_type=\"widget\" data-e-type=\"widget\" data-widget_type=\"image.default\">\n\t\t\t\t<div class=\"elementor-widget-container\">\n\t\t\t\t\t\t\t\t\t\t\t\t\t\t\t<img fetchpriority=\"high\" decoding=\"async\" width=\"1024\" height=\"576\" src=\"https:\/\/carlayacomini.com\/wp-content\/uploads\/2021\/01\/05-1024x576.jpg\" class=\"attachment-large size-large wp-image-937\" alt=\"\" srcset=\"https:\/\/carlayacomini.com\/wp-content\/uploads\/2021\/01\/05-1024x576.jpg 1024w, https:\/\/carlayacomini.com\/wp-content\/uploads\/2021\/01\/05-300x169.jpg 300w, https:\/\/carlayacomini.com\/wp-content\/uploads\/2021\/01\/05-768x432.jpg 768w, https:\/\/carlayacomini.com\/wp-content\/uploads\/2021\/01\/05-1536x864.jpg 1536w, https:\/\/carlayacomini.com\/wp-content\/uploads\/2021\/01\/05-2048x1152.jpg 2048w, https:\/\/carlayacomini.com\/wp-content\/uploads\/2021\/01\/05-830x467.jpg 830w, https:\/\/carlayacomini.com\/wp-content\/uploads\/2021\/01\/05-230x129.jpg 230w, https:\/\/carlayacomini.com\/wp-content\/uploads\/2021\/01\/05-350x197.jpg 350w, https:\/\/carlayacomini.com\/wp-content\/uploads\/2021\/01\/05-480x270.jpg 480w\" sizes=\"(max-width: 1024px) 100vw, 1024px\" \/>\t\t\t\t\t\t\t\t\t\t\t\t\t\t\t<\/div>\n\t\t\t\t<\/div>\n\t\t\t\t\t<\/div>\n\t\t<\/div>\n\t\t\t\t\t<\/div>\n\t\t<\/section>\n\t\t\t\t<section class=\"elementor-section elementor-top-section elementor-element elementor-element-6b09bf7 elementor-section-boxed elementor-section-height-default elementor-section-height-default\" data-id=\"6b09bf7\" data-element_type=\"section\" data-e-type=\"section\">\n\t\t\t\t\t\t<div class=\"elementor-container elementor-column-gap-default\">\n\t\t\t\t\t<div class=\"elementor-column elementor-col-100 elementor-top-column elementor-element elementor-element-104982e\" data-id=\"104982e\" data-element_type=\"column\" data-e-type=\"column\">\n\t\t\t<div class=\"elementor-widget-wrap elementor-element-populated\">\n\t\t\t\t\t\t<div class=\"elementor-element elementor-element-5863e84 elementor-view-default elementor-widget elementor-widget-icon\" data-id=\"5863e84\" data-element_type=\"widget\" data-e-type=\"widget\" data-widget_type=\"icon.default\">\n\t\t\t\t<div class=\"elementor-widget-container\">\n\t\t\t\t\t\t\t<div class=\"elementor-icon-wrapper\">\n\t\t\t<div class=\"elementor-icon\">\n\t\t\t<i aria-hidden=\"true\" class=\"fas fa-star\"><\/i>\t\t\t<\/div>\n\t\t<\/div>\n\t\t\t\t\t\t<\/div>\n\t\t\t\t<\/div>\n\t\t\t\t\t<\/div>\n\t\t<\/div>\n\t\t\t\t\t<\/div>\n\t\t<\/section>\n\t\t\t\t<section class=\"elementor-section elementor-top-section elementor-element elementor-element-ba3f2cf elementor-section-boxed elementor-section-height-default elementor-section-height-default\" data-id=\"ba3f2cf\" data-element_type=\"section\" data-e-type=\"section\" data-settings=\"{&quot;background_background&quot;:&quot;classic&quot;}\">\n\t\t\t\t\t\t<div class=\"elementor-container elementor-column-gap-default\">\n\t\t\t\t\t<div class=\"elementor-column elementor-col-100 elementor-top-column elementor-element elementor-element-dfafee3\" data-id=\"dfafee3\" data-element_type=\"column\" data-e-type=\"column\">\n\t\t\t<div class=\"elementor-widget-wrap elementor-element-populated\">\n\t\t\t\t\t\t<div class=\"elementor-element elementor-element-d9e6a2c elementor-widget elementor-widget-text-editor\" data-id=\"d9e6a2c\" data-element_type=\"widget\" data-e-type=\"widget\" data-widget_type=\"text-editor.default\">\n\t\t\t\t<div class=\"elementor-widget-container\">\n\t\t\t\t\t\t\t\t\t<p style=\"text-align: center;\"><strong>Haben Sie Fragen?<\/strong><\/p>\n<p style=\"text-align: center;\"><strong>M\u00f6chten Sie wissen ob wir Ihnen behilflich sein k\u00f6nnen?<\/strong><\/p>\n<p style=\"text-align: center;\"><a href=\"http:\/\/carlayacomini.com\/?page_id=1110&amp;lang=de\"><strong>Kontaktieren Sie uns. Vordern Sie einen Kostenvoranschlag an.<\/strong><\/a><\/p>\t\t\t\t\t\t\t\t<\/div>\n\t\t\t\t<\/div>\n\t\t\t\t\t<\/div>\n\t\t<\/div>\n\t\t\t\t\t<\/div>\n\t\t<\/section>\n\t\t\t\t<\/div>\n\t\t","protected":false},"excerpt":{"rendered":"<p>Inanspruchnahme von Dienstleistungen und Anbietern Wenn es um die Verwaltung Ihrer Immobilien geht K\u00f6nnen Sie sicher sein dass wir nur die besten Fachleute in der [&hellip;]<\/p>\n","protected":false},"author":1,"featured_media":0,"parent":0,"menu_order":0,"comment_status":"closed","ping_status":"closed","template":"page-templates\/page_front-page.php","meta":{"footnotes":""},"class_list":["post-1175","page","type-page","status-publish","hentry"],"aioseo_notices":[],"_links":{"self":[{"href":"https:\/\/carlayacomini.com\/index.php?rest_route=\/wp\/v2\/pages\/1175","targetHints":{"allow":["GET"]}}],"collection":[{"href":"https:\/\/carlayacomini.com\/index.php?rest_route=\/wp\/v2\/pages"}],"about":[{"href":"https:\/\/carlayacomini.com\/index.php?rest_route=\/wp\/v2\/types\/page"}],"author":[{"embeddable":true,"href":"https:\/\/carlayacomini.com\/index.php?rest_route=\/wp\/v2\/users\/1"}],"replies":[{"embeddable":true,"href":"https:\/\/carlayacomini.com\/index.php?rest_route=%2Fwp%2Fv2%2Fcomments&post=1175"}],"version-history":[{"count":19,"href":"https:\/\/carlayacomini.com\/index.php?rest_route=\/wp\/v2\/pages\/1175\/revisions"}],"predecessor-version":[{"id":2546,"href":"https:\/\/carlayacomini.com\/index.php?rest_route=\/wp\/v2\/pages\/1175\/revisions\/2546"}],"wp:attachment":[{"href":"https:\/\/carlayacomini.com\/index.php?rest_route=%2Fwp%2Fv2%2Fmedia&parent=1175"}],"curies":[{"name":"wp","href":"https:\/\/api.w.org\/{rel}","templated":true}]}}