{"id":1101,"date":"2021-01-11T10:03:36","date_gmt":"2021-01-11T10:03:36","guid":{"rendered":"http:\/\/carlayacomini.com\/?page_id=1101"},"modified":"2021-02-22T09:50:01","modified_gmt":"2021-02-22T09:50:01","slug":"impressum","status":"publish","type":"page","link":"https:\/\/carlayacomini.com\/?page_id=1101&lang=de","title":{"rendered":"Impressum"},"content":{"rendered":"\t\t<div data-elementor-type=\"wp-page\" data-elementor-id=\"1101\" class=\"elementor elementor-1101\">\n\t\t\t\t\t\t<section class=\"elementor-section elementor-top-section elementor-element elementor-element-934da25 elementor-section-height-min-height elementor-section-boxed elementor-section-height-default elementor-section-items-middle\" data-id=\"934da25\" data-element_type=\"section\" data-e-type=\"section\" data-settings=\"{&quot;background_background&quot;:&quot;classic&quot;}\">\n\t\t\t\t\t\t\t<div class=\"elementor-background-overlay\"><\/div>\n\t\t\t\t\t\t\t<div class=\"elementor-container elementor-column-gap-default\">\n\t\t\t\t\t<div class=\"elementor-column elementor-col-100 elementor-top-column elementor-element elementor-element-b86e465\" data-id=\"b86e465\" data-element_type=\"column\" data-e-type=\"column\">\n\t\t\t<div class=\"elementor-widget-wrap\">\n\t\t\t\t\t\t\t<\/div>\n\t\t<\/div>\n\t\t\t\t\t<\/div>\n\t\t<\/section>\n\t\t\t\t<section class=\"elementor-section elementor-top-section elementor-element elementor-element-41e544d elementor-section-boxed elementor-section-height-default elementor-section-height-default\" data-id=\"41e544d\" data-element_type=\"section\" data-e-type=\"section\">\n\t\t\t\t\t\t<div class=\"elementor-container elementor-column-gap-default\">\n\t\t\t\t\t<div class=\"elementor-column elementor-col-100 elementor-top-column elementor-element elementor-element-e09d143\" data-id=\"e09d143\" data-element_type=\"column\" data-e-type=\"column\">\n\t\t\t<div class=\"elementor-widget-wrap elementor-element-populated\">\n\t\t\t\t\t\t<div class=\"elementor-element elementor-element-2781650 elementor-widget elementor-widget-text-editor\" data-id=\"2781650\" data-element_type=\"widget\" data-e-type=\"widget\" data-widget_type=\"text-editor.default\">\n\t\t\t\t<div class=\"elementor-widget-container\">\n\t\t\t\t\t\t\t\t\t<h2 style=\"color: #2e569d;\">Rechtliche Warnung<\/h2><p>Die Website von www.carlayacomini.com geh\u00f6rt CARLA FRANCISCA YACOMINI mit CIF Y5429556Y in C \/ MESTRAL 9 von PORTO CRISTO auf Mallorca, Spanien (im Folgenden: CARLA YACOMINI). Bei Fragen oder Vorschl\u00e4gen kontaktieren Sie uns bitte per E-Mail: carla .yacomini @ gmail.com<\/p><p>Der Zweck der Website von CARLA YACOMINI besteht darin, die \u00d6ffentlichkeit \u00fcber die von ihr durchgef\u00fchrten Aktivit\u00e4ten und die von ihr erbrachten Dienstleistungen zu informieren.<\/p><p>CARLA YACOMINI beh\u00e4lt sich das Recht vor, jederzeit und ohne vorherige Ank\u00fcndigung \u00c4nderungen an den auf seiner Website oder in der Konfiguration und Darstellung dieser Informationen enthaltenen Informationen vorzunehmen.<\/p><p>Durch den Zugriff auf diese Website wird akzeptiert, dass CARLA YACOMINI nicht f\u00fcr Konsequenzen, Sch\u00e4den oder Sch\u00e4den verantwortlich ist, die durch den Zugriff oder die Verwendung der Informationen auf dieser Website oder den Zugriff auf andere Materialien im Internet \u00fcber Verbindungen mit dieser Webseite entstehen.<\/p><p>Das Copyright des in diesem Web enthaltenen Materials liegt bei CARLA YACOMINI. Der Zugang dazu impliziert keine Lizenz f\u00fcr die Vervielf\u00e4ltigung und \/ oder Verbreitung und ist ohne vorherige Zustimmung von CARLA YACOMINI nicht gestattet.<\/p><p>Die m\u00f6glichen Verweise auf der CARLA YACOMINI-Website auf Produkte, Dienstleistungen, Prozesse, Links, Hypertexte oder Informationen unter Verwendung der Marke, des Handelsnamens oder des Herstellers oder Lieferanten usw., die Dritten geh\u00f6ren, stellen keine Billigung dar oder implizieren diese , Sponsoring oder Empfehlung von CARLA YACOMINI.<\/p><h2 style=\"color: #2e569d;\">Datenschutz-Bestimmungen<\/h2><p>In \u00dcbereinstimmung mit den Bestimmungen der Allgemeinen Verordnung zum Schutz personenbezogener Daten teilen wir Ihnen mit, dass Ihre Daten in das Behandlungssystem von CARLA FRANCISCA YACOMINI mit CIF Y5429556Y in C \/ MESTRAL 9 von PORTO CRISTO auf Mallorca, Spanien (im Folgenden) aufgenommen werden CARLA YACOMINI) zum Zweck der ordnungsgem\u00e4\u00dfen Ausf\u00fchrung der Bestellung sowie zu Handels- und Werbezwecken in Bezug auf Produkte, Dienstleistungen, Angebote und Werbeaktionen im Zusammenhang mit Produkten, die den vertraglich vereinbarten \u00e4hnlich sind; Umfragen, Statistiken und Analysen von Markttrends durchf\u00fchren; und Benutzerprofile entwickeln, um unseren Service zu personalisieren und zu verbessern.<br \/>In \u00dcbereinstimmung mit den geltenden Vorschriften teilt CARLA YACOMINI mit, dass die angegebenen personenbezogenen Daten aufbewahrt werden, w\u00e4hrend die Erbringung von Dienstleistungen und \/ oder m\u00f6gliche rechtliche Verpflichtungen aufrechterhalten werden.<\/p><p>Die Kontaktdaten des Datenschutzbeauftragten lauten wie folgt: carla.yacomini@gmail.com<br \/>Die Daten werden mit Ausnahme der gesetzlichen Verpflichtung nicht an Dritte weitergegeben.<\/p><p>Bis Sie uns etwas anderes mitteilen, verstehen wir, dass Ihre Daten nicht ge\u00e4ndert wurden, dass Sie sich bereit erkl\u00e4ren, uns \u00fcber \u00c4nderungen zu informieren, und dass wir Ihre Zustimmung haben, sie f\u00fcr die genannten Zwecke zu verwenden.<\/p><p>CARLA YACOMINI teilt mit, dass die Daten rechtm\u00e4\u00dfig, loyal, transparent, angemessen, sachdienlich, begrenzt, genau und aktualisiert behandelt werden. Deshalb verpflichtet sich CARLA YACOMINI, alle angemessenen Ma\u00dfnahmen zu ergreifen, damit diese bei Ungenauigkeit unverz\u00fcglich unterdr\u00fcckt oder korrigiert werden.<\/p><p>In \u00dcbereinstimmung mit den Rechten, die durch die geltenden Datenschutzbestimmungen gew\u00e4hrt werden, k\u00f6nnen die Rechte auf Zugang, Berichtigung, Einschr\u00e4nkung der Behandlung, L\u00f6schung, Portabilit\u00e4t und Widerspruch gegen die Verarbeitung ihrer personenbezogenen Daten sowie die f\u00fcr deren Behandlung erteilte Zustimmung ausge\u00fcbt werden Richten Sie Ihre Anfrage an die oben angegebene Postanschrift oder an die E-Mail-Adresse carla.yacomini@gmail.com. Um die Identit\u00e4t der Person zu \u00fcberpr\u00fcfen, die ihre Rechte aus\u00fcbt, und sie korrekt und eindeutig auszuf\u00fchren, muss unabh\u00e4ngig von der gew\u00e4hlten Route eine Fotokopie des D.N.I. beigef\u00fcgt werden.<\/p><p>Sie k\u00f6nnen sich an die zust\u00e4ndige Kontrollbeh\u00f6rde wenden, um den von Ihnen als angemessen erachteten Anspruch vorzulegen.<\/p><p>Kommerzielle Kommunikation<br \/>In \u00dcbereinstimmung mit den Bestimmungen von Artikel 21 des LSSI teilen wir Ihnen mit, dass die vom Benutzer bereitgestellten E-Mail-Daten bei vorheriger Vertragsbeziehung zum Versenden kommerzieller Mitteilungen \u00fcber Produkte oder Dienstleistungen verwendet werden k\u00f6nnen, die urspr\u00fcnglich Gegenstand eines Vertrags sind mit dem Kunden.<\/p><p>Es besteht die M\u00f6glichkeit, das Versenden von kommerziellen Mitteilungen sowohl beim Kauf als auch in jeder an sie gerichteten kommerziellen Mitteilungen kostenlos abzulehnen.<\/p><p>Durch den Widerspruch erkl\u00e4rt sich der Benutzer damit einverstanden, nicht zuzustimmen, dass seine personenbezogenen Daten f\u00fcr kommerzielle und Werbezwecke in Bezug auf Produkte, Dienstleistungen, Angebote und Werbeaktionen in Bezug auf Produkte, die den vertraglich vereinbarten Produkten \u00e4hnlich sind, behandelt und weitergegeben werden. Umfragen, Statistiken und Analysen von Markttrends durchf\u00fchren; und Profile des Benutzers zu erstellen, um den Service von CARLA YACOMINI zu personalisieren und zu verbessern.<\/p><p>Der Benutzer kann sich jederzeit abmelden, indem er eine Auszahlungsanforderung an carla.yacomini@gmail.com sendet. Registrierte Benutzer k\u00f6nnen der Sendung widersprechen, indem sie das Kontrollk\u00e4stchen im Benutzerbereich aktivieren.<br \/>F\u00fcr weitere Informationen zur Verwendung von Cookies stellen wir Ihnen die Liste und alle Details unserer eigenen Cookies und Cookies von Drittanbietern zur Verf\u00fcgung, die auf unserer Website verwendet werden.<\/p><p>Minderj\u00e4hrige<br \/>Diese Website richtet sich an Personen \u00fcber 18 Jahre. Durch das Ausf\u00fcllen des Registrierungsformulars garantieren Sie, dass Sie \u00fcber 18 Jahre alt sind und die volle Verantwortung f\u00fcr diese Erkl\u00e4rung tragen. F\u00fcr die \u00dcberpr\u00fcfung k\u00f6nnen wir jederzeit den Beitrag des entsprechenden Ausweises verlangen. Unter dem Verdacht, dass ein Benutzer minderj\u00e4hrig ist und die f\u00fcr den Zugriff erforderlichen Daten gef\u00e4lscht hat, kann dem Benutzer der Zugriff auf die angebotenen Dienste verweigert werden.<\/p>\t\t\t\t\t\t\t\t<\/div>\n\t\t\t\t<\/div>\n\t\t\t\t\t<\/div>\n\t\t<\/div>\n\t\t\t\t\t<\/div>\n\t\t<\/section>\n\t\t\t\t<section class=\"elementor-section elementor-top-section elementor-element elementor-element-4cc9df1 elementor-section-boxed elementor-section-height-default elementor-section-height-default\" data-id=\"4cc9df1\" data-element_type=\"section\" data-e-type=\"section\" id=\"cookies\">\n\t\t\t\t\t\t<div class=\"elementor-container elementor-column-gap-default\">\n\t\t\t\t\t<div class=\"elementor-column elementor-col-100 elementor-top-column elementor-element elementor-element-89ce37c\" data-id=\"89ce37c\" data-element_type=\"column\" data-e-type=\"column\">\n\t\t\t<div class=\"elementor-widget-wrap elementor-element-populated\">\n\t\t\t\t\t\t<div class=\"elementor-element elementor-element-010a258 elementor-widget elementor-widget-text-editor\" data-id=\"010a258\" data-element_type=\"widget\" data-e-type=\"widget\" data-widget_type=\"text-editor.default\">\n\t\t\t\t<div class=\"elementor-widget-container\">\n\t\t\t\t\t\t\t\t\t<h2 style=\"color: #2e569d;\">Verwendung von Cookies<\/h2><p>In \u00dcbereinstimmung mit den Bestimmungen von Artikel 22.2 des Gesetzes 34\/2002 vom 11. Juli, Dienste der Informationsgesellschaft und des elektronischen Gesch\u00e4ftsverkehrs, informiert Sie diese Website in diesem Abschnitt \u00fcber die Richtlinien zum Sammeln und Behandeln von Cookies.<\/p><p>WAS SIND COOKIES?<br \/>Ein Cookie ist eine Datei, die auf Ihren Computer heruntergeladen wird, wenn Sie auf bestimmte Webseiten zugreifen. Cookies erm\u00f6glichen es einer Webseite unter anderem, Informationen \u00fcber die Surfgewohnheiten eines Benutzers oder seiner Ger\u00e4te zu speichern und abzurufen. Abh\u00e4ngig von den darin enthaltenen Informationen und der Art und Weise, wie sie ihre Ger\u00e4te verwenden, k\u00f6nnen sie verwendet werden, um den Benutzer zu erkennen.<\/p><p>Welche Arten von Cookies verwendet diese Webseite?<br \/>Diese Website verwendet die folgenden Arten von Cookies:<\/p><p>Analyse-Cookies: Mit solchen Cookies, die von uns oder Dritten gut behandelt werden, k\u00f6nnen wir die Anzahl der Benutzer quantifizieren und so die Messung und statistische Analyse der Nutzung durch die Benutzer des angebotenen Dienstes durchf\u00fchren. Zu diesem Zweck analysieren wir Ihr Surfen auf unserer Website, um das Angebot an Produkten oder Dienstleistungen, die wir Ihnen anbieten, zu verbessern.<\/p><p>Technische Cookies: Hierbei handelt es sich um Cookies, mit denen der Benutzer durch den eingeschr\u00e4nkten Bereich navigieren und die verschiedenen Funktionen nutzen kann, z. B. den Kauf eines Artikels.<\/p><p>Personalisierungscookies: Dies sind solche, die es dem Benutzer erm\u00f6glichen, auf den Dienst mit einigen vordefinierten allgemeinen Merkmalen zuzugreifen, abh\u00e4ngig von einer Reihe von Kriterien im Terminal des Benutzers, wie z. B. der Sprache oder dem Browsertyp, \u00fcber den er eine Verbindung zum Benutzer herstellt. Bedienung.<\/p><p>Werbe-Cookies: Sind solche, die von dieser Website oder von Dritten gut behandelt werden und es erm\u00f6glichen, das Angebot der Werbefl\u00e4chen auf der Website so effizient wie m\u00f6glich zu verwalten und den Inhalt der Werbung an den Inhalt des Dienstes anzupassen angefordert oder zu der Nutzung, die Sie von unserer Webseite machen. Dazu k\u00f6nnen wir Ihre Surfgewohnheiten im Internet analysieren und Ihnen Anzeigen zu Ihrem Browserprofil zeigen.<\/p><p>Verhaltens-Werbe-Cookies: Mit diesen Cookies k\u00f6nnen die Werbefl\u00e4chen, die der Herausgeber gegebenenfalls in eine Webseite, Anwendung oder Plattform aufgenommen hat, von der aus der angeforderte Dienst bereitgestellt wird, auf m\u00f6glichst effiziente Weise verwaltet werden. Diese Art von Cookies speichert Informationen \u00fcber das Verhalten von Besuchern, die durch die kontinuierliche Beobachtung ihrer Surfgewohnheiten erhalten wurden, wodurch die Entwicklung eines bestimmten Profils zur Anzeige darauf basierender Werbung erm\u00f6glicht wird.<\/p><p>COOKIES DEAKTIVIEREN.<br \/>Sie k\u00f6nnen die auf Ihrem Computer installierten Cookies zulassen, blockieren oder l\u00f6schen, indem Sie die auf Ihrem Computer installierten Browseroptionen konfigurieren.<\/p><p>In den meisten Webbrowsern wird die M\u00f6glichkeit angeboten, die auf Ihrem Computer installierten Cookies zuzulassen, zu blockieren oder zu entfernen.<\/p><p>Sie k\u00f6nnen dann auf die Konfiguration der h\u00e4ufigsten Webbrowser zugreifen, um Cookies zu akzeptieren, zu installieren oder zu deaktivieren.<\/p><p>COOKIES VON DRITTANBIETERN.<br \/>Diese Website verwendet Dienste von Drittanbietern, um Informationen f\u00fcr statistische Zwecke und zur Nutzung des Webs zu sammeln. DoubleClick-Cookies werden verwendet, um die auf der Website enthaltene Werbung zu verbessern. Sie werden verwendet, um Werbung nach dem f\u00fcr einen Benutzer relevanten Inhalt zu leiten und so die Qualit\u00e4t der Benutzererfahrung zu verbessern.<\/p><p>Insbesondere verwenden wir die Dienste Google Adsense und Google Analytics f\u00fcr unsere Statistiken und Werbung. Einige Cookies sind f\u00fcr den Betrieb der Website unerl\u00e4sslich, beispielsweise die integrierte Suchmaschine.<\/p><p>Unsere Website enth\u00e4lt weitere Funktionen, die von Dritten bereitgestellt werden. Mit den Schaltfl\u00e4chen, die wir zu diesem Zweck hinzugef\u00fcgt haben, k\u00f6nnen Sie den Inhalt problemlos in sozialen Netzwerken wie Facebook, Twitter oder Google + teilen.<\/p><p>WARNUNG \u00dcBER DIE BESEITIGUNG VON COOKIES.<br \/>Sie k\u00f6nnen alle Cookies von dieser Website l\u00f6schen und blockieren, aber ein Teil der Website funktioniert nicht oder die Qualit\u00e4t der Website kann beeintr\u00e4chtigt werden.<\/p><p>Wenn Sie Fragen zu unserer Cookie-Richtlinie haben, k\u00f6nnen Sie diese Website \u00fcber unsere Kontaktkan\u00e4le kontaktieren.<\/p>\t\t\t\t\t\t\t\t<\/div>\n\t\t\t\t<\/div>\n\t\t\t\t\t<\/div>\n\t\t<\/div>\n\t\t\t\t\t<\/div>\n\t\t<\/section>\n\t\t\t\t<\/div>\n\t\t","protected":false},"excerpt":{"rendered":"<p>Rechtliche Warnung Die Website von www.carlayacomini.com geh\u00f6rt CARLA FRANCISCA YACOMINI mit CIF Y5429556Y in C \/ MESTRAL 9 von PORTO CRISTO auf Mallorca, Spanien (im [&hellip;]<\/p>\n","protected":false},"author":1,"featured_media":0,"parent":0,"menu_order":0,"comment_status":"closed","ping_status":"closed","template":"page-templates\/page_front-page.php","meta":{"footnotes":""},"class_list":["post-1101","page","type-page","status-publish","hentry"],"aioseo_notices":[],"_links":{"self":[{"href":"https:\/\/carlayacomini.com\/index.php?rest_route=\/wp\/v2\/pages\/1101","targetHints":{"allow":["GET"]}}],"collection":[{"href":"https:\/\/carlayacomini.com\/index.php?rest_route=\/wp\/v2\/pages"}],"about":[{"href":"https:\/\/carlayacomini.com\/index.php?rest_route=\/wp\/v2\/types\/page"}],"author":[{"embeddable":true,"href":"https:\/\/carlayacomini.com\/index.php?rest_route=\/wp\/v2\/users\/1"}],"replies":[{"embeddable":true,"href":"https:\/\/carlayacomini.com\/index.php?rest_route=%2Fwp%2Fv2%2Fcomments&post=1101"}],"version-history":[{"count":25,"href":"https:\/\/carlayacomini.com\/index.php?rest_route=\/wp\/v2\/pages\/1101\/revisions"}],"predecessor-version":[{"id":2552,"href":"https:\/\/carlayacomini.com\/index.php?rest_route=\/wp\/v2\/pages\/1101\/revisions\/2552"}],"wp:attachment":[{"href":"https:\/\/carlayacomini.com\/index.php?rest_route=%2Fwp%2Fv2%2Fmedia&parent=1101"}],"curies":[{"name":"wp","href":"https:\/\/api.w.org\/{rel}","templated":true}]}}