{"id":1060,"date":"2021-01-11T07:44:43","date_gmt":"2021-01-11T07:44:43","guid":{"rendered":"http:\/\/carlayacomini.com\/?page_id=1060"},"modified":"2021-02-22T09:43:53","modified_gmt":"2021-02-22T09:43:53","slug":"unsere-hauptdienstleistungen","status":"publish","type":"page","link":"https:\/\/carlayacomini.com\/?page_id=1060&lang=de","title":{"rendered":"Unsere wesentlichen Aufgaben"},"content":{"rendered":"\t\t<div data-elementor-type=\"wp-page\" data-elementor-id=\"1060\" class=\"elementor elementor-1060\">\n\t\t\t\t\t\t<section class=\"elementor-section elementor-top-section elementor-element elementor-element-b002f8b elementor-section-height-min-height elementor-section-boxed elementor-section-height-default elementor-section-items-middle\" data-id=\"b002f8b\" data-element_type=\"section\" data-e-type=\"section\" data-settings=\"{&quot;background_background&quot;:&quot;classic&quot;}\">\n\t\t\t\t\t\t\t<div class=\"elementor-background-overlay\"><\/div>\n\t\t\t\t\t\t\t<div class=\"elementor-container elementor-column-gap-default\">\n\t\t\t\t\t<div class=\"elementor-column elementor-col-100 elementor-top-column elementor-element elementor-element-b8606b1\" data-id=\"b8606b1\" data-element_type=\"column\" data-e-type=\"column\">\n\t\t\t<div class=\"elementor-widget-wrap\">\n\t\t\t\t\t\t\t<\/div>\n\t\t<\/div>\n\t\t\t\t\t<\/div>\n\t\t<\/section>\n\t\t\t\t<section class=\"elementor-section elementor-top-section elementor-element elementor-element-d165eda elementor-section-boxed elementor-section-height-default elementor-section-height-default\" data-id=\"d165eda\" data-element_type=\"section\" data-e-type=\"section\" data-settings=\"{&quot;background_background&quot;:&quot;classic&quot;}\">\n\t\t\t\t\t\t<div class=\"elementor-container elementor-column-gap-default\">\n\t\t\t\t\t<div class=\"elementor-column elementor-col-100 elementor-top-column elementor-element elementor-element-9a1815d\" data-id=\"9a1815d\" data-element_type=\"column\" data-e-type=\"column\">\n\t\t\t<div class=\"elementor-widget-wrap elementor-element-populated\">\n\t\t\t\t\t\t<div class=\"elementor-element elementor-element-0942928 elementor-widget elementor-widget-heading\" data-id=\"0942928\" data-element_type=\"widget\" data-e-type=\"widget\" data-widget_type=\"heading.default\">\n\t\t\t\t<div class=\"elementor-widget-container\">\n\t\t\t\t\t<h1 class=\"elementor-heading-title elementor-size-default\">Was bieten wir an?<\/h1>\t\t\t\t<\/div>\n\t\t\t\t<\/div>\n\t\t\t\t<div class=\"elementor-element elementor-element-a6d7b26 elementor-widget elementor-widget-heading\" data-id=\"a6d7b26\" data-element_type=\"widget\" data-e-type=\"widget\" data-widget_type=\"heading.default\">\n\t\t\t\t<div class=\"elementor-widget-container\">\n\t\t\t\t\t<h2 class=\"elementor-heading-title elementor-size-default\">Unsere wesentlichen Aufgaben<\/h2>\t\t\t\t<\/div>\n\t\t\t\t<\/div>\n\t\t\t\t<section class=\"elementor-section elementor-inner-section elementor-element elementor-element-d6db937 elementor-section-boxed elementor-section-height-default elementor-section-height-default\" data-id=\"d6db937\" data-element_type=\"section\" data-e-type=\"section\">\n\t\t\t\t\t\t<div class=\"elementor-container elementor-column-gap-default\">\n\t\t\t\t\t<div class=\"elementor-column elementor-col-33 elementor-inner-column elementor-element elementor-element-7fb0342\" data-id=\"7fb0342\" data-element_type=\"column\" data-e-type=\"column\" data-settings=\"{&quot;background_background&quot;:&quot;classic&quot;}\">\n\t\t\t<div class=\"elementor-widget-wrap elementor-element-populated\">\n\t\t\t\t\t\t<div class=\"elementor-element elementor-element-2857ad0 elementor-position-top elementor-widget elementor-widget-image-box\" data-id=\"2857ad0\" data-element_type=\"widget\" data-e-type=\"widget\" data-widget_type=\"image-box.default\">\n\t\t\t\t<div class=\"elementor-widget-container\">\n\t\t\t\t\t<div class=\"elementor-image-box-wrapper\"><figure class=\"elementor-image-box-img\"><a href=\"https:\/\/carlayacomini.com\/?page_id=1053&#038;lang=de\" tabindex=\"-1\"><img fetchpriority=\"high\" decoding=\"async\" width=\"600\" height=\"600\" src=\"https:\/\/carlayacomini.com\/wp-content\/uploads\/2021\/01\/Comunidad-de-Propietarios-2.png\" class=\"attachment-full size-full wp-image-1903\" alt=\"\" srcset=\"https:\/\/carlayacomini.com\/wp-content\/uploads\/2021\/01\/Comunidad-de-Propietarios-2.png 600w, https:\/\/carlayacomini.com\/wp-content\/uploads\/2021\/01\/Comunidad-de-Propietarios-2-300x300.png 300w, https:\/\/carlayacomini.com\/wp-content\/uploads\/2021\/01\/Comunidad-de-Propietarios-2-150x150.png 150w, https:\/\/carlayacomini.com\/wp-content\/uploads\/2021\/01\/Comunidad-de-Propietarios-2-230x230.png 230w, https:\/\/carlayacomini.com\/wp-content\/uploads\/2021\/01\/Comunidad-de-Propietarios-2-350x350.png 350w, https:\/\/carlayacomini.com\/wp-content\/uploads\/2021\/01\/Comunidad-de-Propietarios-2-480x480.png 480w\" sizes=\"(max-width: 600px) 100vw, 600px\" \/><\/a><\/figure><div class=\"elementor-image-box-content\"><h3 class=\"elementor-image-box-title\"><a href=\"https:\/\/carlayacomini.com\/?page_id=1053&#038;lang=de\">Umfassende Verwaltung von Eigent\u00fcmergemeinschaften<\/a><\/h3><p class=\"elementor-image-box-description\">Wir fokussieren uns haupts\u00e4chlich auf die umfassende Betreung von Eigent\u00fcmergemeinschaften. Des weiteren bieten wir Hilfe in Fragen der Verwaltung, der Inanspruchnahme von Dienstleistungen und Anbietern, der technichen Instandhaltung von Geb\u00e4uden, der G\u00e4rtnerei, der Reparatur und Restaurierung sowie in Steuerlichen Angelegenheiten.<\/p><\/div><\/div>\t\t\t\t<\/div>\n\t\t\t\t<\/div>\n\t\t\t\t\t<\/div>\n\t\t<\/div>\n\t\t\t\t<div class=\"elementor-column elementor-col-33 elementor-inner-column elementor-element elementor-element-360916c\" data-id=\"360916c\" data-element_type=\"column\" data-e-type=\"column\" data-settings=\"{&quot;background_background&quot;:&quot;classic&quot;}\">\n\t\t\t<div class=\"elementor-widget-wrap elementor-element-populated\">\n\t\t\t\t\t\t<div class=\"elementor-element elementor-element-1aa4940 elementor-position-top elementor-widget elementor-widget-image-box\" data-id=\"1aa4940\" data-element_type=\"widget\" data-e-type=\"widget\" data-widget_type=\"image-box.default\">\n\t\t\t\t<div class=\"elementor-widget-container\">\n\t\t\t\t\t<div class=\"elementor-image-box-wrapper\"><figure class=\"elementor-image-box-img\"><a href=\"https:\/\/carlayacomini.com\/?page_id=1142&#038;lang=de\" tabindex=\"-1\"><img decoding=\"async\" width=\"600\" height=\"600\" src=\"https:\/\/carlayacomini.com\/wp-content\/uploads\/2021\/01\/Administracion-Patrominio-inmobiliario-2.png\" class=\"attachment-full size-full wp-image-1904\" alt=\"\" srcset=\"https:\/\/carlayacomini.com\/wp-content\/uploads\/2021\/01\/Administracion-Patrominio-inmobiliario-2.png 600w, https:\/\/carlayacomini.com\/wp-content\/uploads\/2021\/01\/Administracion-Patrominio-inmobiliario-2-300x300.png 300w, https:\/\/carlayacomini.com\/wp-content\/uploads\/2021\/01\/Administracion-Patrominio-inmobiliario-2-150x150.png 150w, https:\/\/carlayacomini.com\/wp-content\/uploads\/2021\/01\/Administracion-Patrominio-inmobiliario-2-230x230.png 230w, https:\/\/carlayacomini.com\/wp-content\/uploads\/2021\/01\/Administracion-Patrominio-inmobiliario-2-350x350.png 350w, https:\/\/carlayacomini.com\/wp-content\/uploads\/2021\/01\/Administracion-Patrominio-inmobiliario-2-480x480.png 480w\" sizes=\"(max-width: 600px) 100vw, 600px\" \/><\/a><\/figure><div class=\"elementor-image-box-content\"><h3 class=\"elementor-image-box-title\"><a href=\"https:\/\/carlayacomini.com\/?page_id=1142&#038;lang=de\">Immobilienverwaltung<\/a><\/h3><p class=\"elementor-image-box-description\">Wir bieten parallel auch eine effektive und ad\u00e4quate Verwaltung anderer Immobilien an. Nat\u00fcrlich ber\u00fccksichtigen wir dabei die Interessen und Ziele jedes Eigent\u00fcmers, die Zussammensetzung von deren Immobilienverm\u00f6gens, sowie die Eigenschaften jeder einzelnen Komponente dessen.<\/p><\/div><\/div>\t\t\t\t<\/div>\n\t\t\t\t<\/div>\n\t\t\t\t\t<\/div>\n\t\t<\/div>\n\t\t\t\t<div class=\"elementor-column elementor-col-33 elementor-inner-column elementor-element elementor-element-147e247\" data-id=\"147e247\" data-element_type=\"column\" data-e-type=\"column\" data-settings=\"{&quot;background_background&quot;:&quot;classic&quot;}\">\n\t\t\t<div class=\"elementor-widget-wrap elementor-element-populated\">\n\t\t\t\t\t\t<div class=\"elementor-element elementor-element-c39d279 elementor-position-top elementor-widget elementor-widget-image-box\" data-id=\"c39d279\" data-element_type=\"widget\" data-e-type=\"widget\" data-widget_type=\"image-box.default\">\n\t\t\t\t<div class=\"elementor-widget-container\">\n\t\t\t\t\t<div class=\"elementor-image-box-wrapper\"><figure class=\"elementor-image-box-img\"><a href=\"https:\/\/carlayacomini.com\/?page_id=1162&#038;lang=de\" tabindex=\"-1\"><img decoding=\"async\" width=\"600\" height=\"600\" src=\"https:\/\/carlayacomini.com\/wp-content\/uploads\/2021\/01\/Asistencia-compra-y-venta-de-inmuebles-2.png\" class=\"attachment-full size-full wp-image-1905\" alt=\"\" srcset=\"https:\/\/carlayacomini.com\/wp-content\/uploads\/2021\/01\/Asistencia-compra-y-venta-de-inmuebles-2.png 600w, https:\/\/carlayacomini.com\/wp-content\/uploads\/2021\/01\/Asistencia-compra-y-venta-de-inmuebles-2-300x300.png 300w, https:\/\/carlayacomini.com\/wp-content\/uploads\/2021\/01\/Asistencia-compra-y-venta-de-inmuebles-2-150x150.png 150w, https:\/\/carlayacomini.com\/wp-content\/uploads\/2021\/01\/Asistencia-compra-y-venta-de-inmuebles-2-230x230.png 230w, https:\/\/carlayacomini.com\/wp-content\/uploads\/2021\/01\/Asistencia-compra-y-venta-de-inmuebles-2-350x350.png 350w, https:\/\/carlayacomini.com\/wp-content\/uploads\/2021\/01\/Asistencia-compra-y-venta-de-inmuebles-2-480x480.png 480w\" sizes=\"(max-width: 600px) 100vw, 600px\" \/><\/a><\/figure><div class=\"elementor-image-box-content\"><h3 class=\"elementor-image-box-title\"><a href=\"https:\/\/carlayacomini.com\/?page_id=1162&#038;lang=de\">Unterst\u00fctzung beim Kauf oder Verkauf einer Immobilie auf Mallorca<\/a><\/h3><p class=\"elementor-image-box-description\">Wir vermitteln w\u00e4hrend der Kauf- oder Verkaufsverhandlung zwischen Ihnen und dem Immobilienunternehmen oder dem Eigent\u00fcmer direkt. Wir helfen Ihnen bei der Vorbereitung aller notwendigen Unterlagen die Sie beim Notar am Tag der Unterschrift des Vertrages ben\u00f6tigen werden.<\/p><\/div><\/div>\t\t\t\t<\/div>\n\t\t\t\t<\/div>\n\t\t\t\t\t<\/div>\n\t\t<\/div>\n\t\t\t\t\t<\/div>\n\t\t<\/section>\n\t\t\t\t<section class=\"elementor-section elementor-inner-section elementor-element elementor-element-abd73d5 elementor-section-boxed elementor-section-height-default elementor-section-height-default\" data-id=\"abd73d5\" data-element_type=\"section\" data-e-type=\"section\">\n\t\t\t\t\t\t<div class=\"elementor-container elementor-column-gap-default\">\n\t\t\t\t\t<div class=\"elementor-column elementor-col-33 elementor-inner-column elementor-element elementor-element-589d406\" data-id=\"589d406\" data-element_type=\"column\" data-e-type=\"column\" data-settings=\"{&quot;background_background&quot;:&quot;classic&quot;}\">\n\t\t\t<div class=\"elementor-widget-wrap elementor-element-populated\">\n\t\t\t\t\t\t<div class=\"elementor-element elementor-element-f6549e0 elementor-position-top elementor-widget elementor-widget-image-box\" data-id=\"f6549e0\" data-element_type=\"widget\" data-e-type=\"widget\" data-widget_type=\"image-box.default\">\n\t\t\t\t<div class=\"elementor-widget-container\">\n\t\t\t\t\t<div class=\"elementor-image-box-wrapper\"><figure class=\"elementor-image-box-img\"><a href=\"https:\/\/carlayacomini.com\/?page_id=1175&#038;lang=de\" tabindex=\"-1\"><img loading=\"lazy\" decoding=\"async\" width=\"600\" height=\"600\" src=\"https:\/\/carlayacomini.com\/wp-content\/uploads\/2021\/01\/Contratacion-de-servicios-y-proveedores-2.png\" class=\"attachment-full size-full wp-image-1906\" alt=\"\" srcset=\"https:\/\/carlayacomini.com\/wp-content\/uploads\/2021\/01\/Contratacion-de-servicios-y-proveedores-2.png 600w, https:\/\/carlayacomini.com\/wp-content\/uploads\/2021\/01\/Contratacion-de-servicios-y-proveedores-2-300x300.png 300w, https:\/\/carlayacomini.com\/wp-content\/uploads\/2021\/01\/Contratacion-de-servicios-y-proveedores-2-150x150.png 150w, https:\/\/carlayacomini.com\/wp-content\/uploads\/2021\/01\/Contratacion-de-servicios-y-proveedores-2-230x230.png 230w, https:\/\/carlayacomini.com\/wp-content\/uploads\/2021\/01\/Contratacion-de-servicios-y-proveedores-2-350x350.png 350w, https:\/\/carlayacomini.com\/wp-content\/uploads\/2021\/01\/Contratacion-de-servicios-y-proveedores-2-480x480.png 480w\" sizes=\"(max-width: 600px) 100vw, 600px\" \/><\/a><\/figure><div class=\"elementor-image-box-content\"><h3 class=\"elementor-image-box-title\"><a href=\"https:\/\/carlayacomini.com\/?page_id=1175&#038;lang=de\">Inanspruchnahme von Dienstleistungen und Anbietern<\/a><\/h3><p class=\"elementor-image-box-description\">Dar\u00fcber hinaus bieten wir Ihnen Hilfe bei der Erneuerung von Bedingungen oder auch bei der Erst oder Neubeantragung von Dienstleistungen wie z. B. G\u00e4rtnerei, Strom, Wasser, Gas, Telefonie, Internet, Versicherungen und die Wartung von Aufz\u00fcgen.<\/p><\/div><\/div>\t\t\t\t<\/div>\n\t\t\t\t<\/div>\n\t\t\t\t\t<\/div>\n\t\t<\/div>\n\t\t\t\t<div class=\"elementor-column elementor-col-33 elementor-inner-column elementor-element elementor-element-404263d\" data-id=\"404263d\" data-element_type=\"column\" data-e-type=\"column\" data-settings=\"{&quot;background_background&quot;:&quot;classic&quot;}\">\n\t\t\t<div class=\"elementor-widget-wrap elementor-element-populated\">\n\t\t\t\t\t\t<div class=\"elementor-element elementor-element-578429c elementor-position-top elementor-widget elementor-widget-image-box\" data-id=\"578429c\" data-element_type=\"widget\" data-e-type=\"widget\" data-widget_type=\"image-box.default\">\n\t\t\t\t<div class=\"elementor-widget-container\">\n\t\t\t\t\t<div class=\"elementor-image-box-wrapper\"><figure class=\"elementor-image-box-img\"><a href=\"https:\/\/carlayacomini.com\/?page_id=1187&#038;lang=de\" tabindex=\"-1\"><img loading=\"lazy\" decoding=\"async\" width=\"600\" height=\"600\" src=\"https:\/\/carlayacomini.com\/wp-content\/uploads\/2021\/01\/Gestiones-impositivas-y-otras-2.png\" class=\"attachment-full size-full wp-image-1907\" alt=\"\" srcset=\"https:\/\/carlayacomini.com\/wp-content\/uploads\/2021\/01\/Gestiones-impositivas-y-otras-2.png 600w, https:\/\/carlayacomini.com\/wp-content\/uploads\/2021\/01\/Gestiones-impositivas-y-otras-2-300x300.png 300w, https:\/\/carlayacomini.com\/wp-content\/uploads\/2021\/01\/Gestiones-impositivas-y-otras-2-150x150.png 150w, https:\/\/carlayacomini.com\/wp-content\/uploads\/2021\/01\/Gestiones-impositivas-y-otras-2-230x230.png 230w, https:\/\/carlayacomini.com\/wp-content\/uploads\/2021\/01\/Gestiones-impositivas-y-otras-2-350x350.png 350w, https:\/\/carlayacomini.com\/wp-content\/uploads\/2021\/01\/Gestiones-impositivas-y-otras-2-480x480.png 480w\" sizes=\"(max-width: 600px) 100vw, 600px\" \/><\/a><\/figure><div class=\"elementor-image-box-content\"><h3 class=\"elementor-image-box-title\"><a href=\"https:\/\/carlayacomini.com\/?page_id=1187&#038;lang=de\">Steuerangelegenheiten und Sonstiges<\/a><\/h3><p class=\"elementor-image-box-description\">Wir bieten Unterst\u00fctzung in Steuer- und Steuerverwaltungsfragen bei lokalen, regionalen sowie nationalen Beh\u00f6rden. Wie z. B. der Steuerbeh\u00f6rde der Balearen (ATIB), des Staatlichem Finanzamt Spaniens (AEAT), den verschiedenen Rath\u00e4usern, dem Kataster oder dem Grundbuch.<\/p><\/div><\/div>\t\t\t\t<\/div>\n\t\t\t\t<\/div>\n\t\t\t\t\t<\/div>\n\t\t<\/div>\n\t\t\t\t<div class=\"elementor-column elementor-col-33 elementor-inner-column elementor-element elementor-element-9695db0\" data-id=\"9695db0\" data-element_type=\"column\" data-e-type=\"column\" data-settings=\"{&quot;background_background&quot;:&quot;classic&quot;}\">\n\t\t\t<div class=\"elementor-widget-wrap elementor-element-populated\">\n\t\t\t\t\t\t<div class=\"elementor-element elementor-element-280da7d elementor-position-top elementor-widget elementor-widget-image-box\" data-id=\"280da7d\" data-element_type=\"widget\" data-e-type=\"widget\" data-widget_type=\"image-box.default\">\n\t\t\t\t<div class=\"elementor-widget-container\">\n\t\t\t\t\t<div class=\"elementor-image-box-wrapper\"><figure class=\"elementor-image-box-img\"><a href=\"https:\/\/carlayacomini.com\/?page_id=1187&#038;lang=de\" tabindex=\"-1\"><img loading=\"lazy\" decoding=\"async\" width=\"600\" height=\"600\" src=\"https:\/\/carlayacomini.com\/wp-content\/uploads\/2021\/01\/Gestiones-impositivas-y-otras-2.png\" class=\"attachment-full size-full wp-image-1907\" alt=\"\" srcset=\"https:\/\/carlayacomini.com\/wp-content\/uploads\/2021\/01\/Gestiones-impositivas-y-otras-2.png 600w, https:\/\/carlayacomini.com\/wp-content\/uploads\/2021\/01\/Gestiones-impositivas-y-otras-2-300x300.png 300w, https:\/\/carlayacomini.com\/wp-content\/uploads\/2021\/01\/Gestiones-impositivas-y-otras-2-150x150.png 150w, https:\/\/carlayacomini.com\/wp-content\/uploads\/2021\/01\/Gestiones-impositivas-y-otras-2-230x230.png 230w, https:\/\/carlayacomini.com\/wp-content\/uploads\/2021\/01\/Gestiones-impositivas-y-otras-2-350x350.png 350w, https:\/\/carlayacomini.com\/wp-content\/uploads\/2021\/01\/Gestiones-impositivas-y-otras-2-480x480.png 480w\" sizes=\"(max-width: 600px) 100vw, 600px\" \/><\/a><\/figure><div class=\"elementor-image-box-content\"><h3 class=\"elementor-image-box-title\"><a href=\"https:\/\/carlayacomini.com\/?page_id=1187&#038;lang=de\">Steuerangelegenheiten und Sonstiges<\/a><\/h3><p class=\"elementor-image-box-description\">Zudem bieten wir hilfe bei der Beantragung  der Spanischen Staatsb\u00fcrgerschaft nach Residenz sowie der Ausl\u00e4nderidentit\u00e4tsnummer (NIE).<\/p><\/div><\/div>\t\t\t\t<\/div>\n\t\t\t\t<\/div>\n\t\t\t\t\t<\/div>\n\t\t<\/div>\n\t\t\t\t\t<\/div>\n\t\t<\/section>\n\t\t\t\t<div class=\"elementor-element elementor-element-690535e elementor-widget elementor-widget-text-editor\" data-id=\"690535e\" data-element_type=\"widget\" data-e-type=\"widget\" data-widget_type=\"text-editor.default\">\n\t\t\t\t<div class=\"elementor-widget-container\">\n\t\t\t\t\t\t\t\t\t<p style=\"text-align: center;\"><strong>Haben Sie Fragen?<\/strong><\/p>\n<p style=\"text-align: center;\"><strong>M\u00f6chten Sie wissen ob wir Ihnen behilflich sein k\u00f6nnen?<\/strong><\/p>\n<p style=\"text-align: center;\"><a href=\"https:\/\/carlayacomini.com\/?page_id=1110&amp;lang=de\"><strong>Kontaktieren Sie uns. Vordern Sie einen Kostenvoranschlag an.<\/strong><\/a><\/p>\t\t\t\t\t\t\t\t<\/div>\n\t\t\t\t<\/div>\n\t\t\t\t\t<\/div>\n\t\t<\/div>\n\t\t\t\t\t<\/div>\n\t\t<\/section>\n\t\t\t\t<\/div>\n\t\t","protected":false},"excerpt":{"rendered":"<p>Was bieten wir an? Unsere wesentlichen Aufgaben Umfassende Verwaltung von Eigent\u00fcmergemeinschaften Wir fokussieren uns haupts\u00e4chlich auf die umfassende Betreung von Eigent\u00fcmergemeinschaften. Des weiteren bieten wir [&hellip;]<\/p>\n","protected":false},"author":1,"featured_media":0,"parent":0,"menu_order":0,"comment_status":"closed","ping_status":"closed","template":"page-templates\/page_front-page.php","meta":{"footnotes":""},"class_list":["post-1060","page","type-page","status-publish","hentry"],"aioseo_notices":[],"_links":{"self":[{"href":"https:\/\/carlayacomini.com\/index.php?rest_route=\/wp\/v2\/pages\/1060","targetHints":{"allow":["GET"]}}],"collection":[{"href":"https:\/\/carlayacomini.com\/index.php?rest_route=\/wp\/v2\/pages"}],"about":[{"href":"https:\/\/carlayacomini.com\/index.php?rest_route=\/wp\/v2\/types\/page"}],"author":[{"embeddable":true,"href":"https:\/\/carlayacomini.com\/index.php?rest_route=\/wp\/v2\/users\/1"}],"replies":[{"embeddable":true,"href":"https:\/\/carlayacomini.com\/index.php?rest_route=%2Fwp%2Fv2%2Fcomments&post=1060"}],"version-history":[{"count":71,"href":"https:\/\/carlayacomini.com\/index.php?rest_route=\/wp\/v2\/pages\/1060\/revisions"}],"predecessor-version":[{"id":2534,"href":"https:\/\/carlayacomini.com\/index.php?rest_route=\/wp\/v2\/pages\/1060\/revisions\/2534"}],"wp:attachment":[{"href":"https:\/\/carlayacomini.com\/index.php?rest_route=%2Fwp%2Fv2%2Fmedia&parent=1060"}],"curies":[{"name":"wp","href":"https:\/\/api.w.org\/{rel}","templated":true}]}}