{"id":1053,"date":"2021-01-11T07:19:10","date_gmt":"2021-01-11T07:19:10","guid":{"rendered":"http:\/\/carlayacomini.com\/?page_id=1053"},"modified":"2021-02-22T09:44:52","modified_gmt":"2021-02-22T09:44:52","slug":"umfassende-verwaltung-von-eigentumergemeinschaften","status":"publish","type":"page","link":"https:\/\/carlayacomini.com\/?page_id=1053&lang=de","title":{"rendered":"Umfassende Verwaltung von Eigent\u00fcmergemeinschaften."},"content":{"rendered":"\t\t<div data-elementor-type=\"wp-page\" data-elementor-id=\"1053\" class=\"elementor elementor-1053\">\n\t\t\t\t\t\t<section class=\"elementor-section elementor-top-section elementor-element elementor-element-fa9d969 elementor-section-height-min-height elementor-section-boxed elementor-section-height-default elementor-section-items-middle\" data-id=\"fa9d969\" data-element_type=\"section\" data-e-type=\"section\" data-settings=\"{&quot;background_background&quot;:&quot;classic&quot;}\">\n\t\t\t\t\t\t\t<div class=\"elementor-background-overlay\"><\/div>\n\t\t\t\t\t\t\t<div class=\"elementor-container elementor-column-gap-default\">\n\t\t\t\t\t<div class=\"elementor-column elementor-col-100 elementor-top-column elementor-element elementor-element-0fd46e8\" data-id=\"0fd46e8\" data-element_type=\"column\" data-e-type=\"column\">\n\t\t\t<div class=\"elementor-widget-wrap\">\n\t\t\t\t\t\t\t<\/div>\n\t\t<\/div>\n\t\t\t\t\t<\/div>\n\t\t<\/section>\n\t\t\t\t<section class=\"elementor-section elementor-top-section elementor-element elementor-element-baa2bad elementor-section-boxed elementor-section-height-default elementor-section-height-default\" data-id=\"baa2bad\" data-element_type=\"section\" data-e-type=\"section\">\n\t\t\t\t\t\t<div class=\"elementor-container elementor-column-gap-default\">\n\t\t\t\t\t<div class=\"elementor-column elementor-col-100 elementor-top-column elementor-element elementor-element-5023751\" data-id=\"5023751\" data-element_type=\"column\" data-e-type=\"column\">\n\t\t\t<div class=\"elementor-widget-wrap elementor-element-populated\">\n\t\t\t\t\t\t<div class=\"elementor-element elementor-element-bcd364a elementor-widget elementor-widget-heading\" data-id=\"bcd364a\" data-element_type=\"widget\" data-e-type=\"widget\" data-widget_type=\"heading.default\">\n\t\t\t\t<div class=\"elementor-widget-container\">\n\t\t\t\t\t<h1 class=\"elementor-heading-title elementor-size-default\">Umfassende Verwaltung von Eigent\u00fcmergemeinschaften. <\/h1>\t\t\t\t<\/div>\n\t\t\t\t<\/div>\n\t\t\t\t\t<\/div>\n\t\t<\/div>\n\t\t\t\t\t<\/div>\n\t\t<\/section>\n\t\t\t\t<section class=\"elementor-section elementor-top-section elementor-element elementor-element-e1a8001 elementor-section-boxed elementor-section-height-default elementor-section-height-default\" data-id=\"e1a8001\" data-element_type=\"section\" data-e-type=\"section\">\n\t\t\t\t\t\t<div class=\"elementor-container elementor-column-gap-default\">\n\t\t\t\t\t<div class=\"elementor-column elementor-col-50 elementor-top-column elementor-element elementor-element-dbd4bf0\" data-id=\"dbd4bf0\" data-element_type=\"column\" data-e-type=\"column\">\n\t\t\t<div class=\"elementor-widget-wrap elementor-element-populated\">\n\t\t\t\t\t\t<div class=\"elementor-element elementor-element-4806a0e elementor-widget elementor-widget-text-editor\" data-id=\"4806a0e\" data-element_type=\"widget\" data-e-type=\"widget\" data-widget_type=\"text-editor.default\">\n\t\t\t\t<div class=\"elementor-widget-container\">\n\t\t\t\t\t\t\t\t\t<p>M\u00f6chten Sie unsere Dienstleistungen der Verwaltung von Eigent\u00fcmergemeinschaften in Anspruch nehmen interessiert Sie bestimmt was genau wir anbieten und was uns von anderen auf dem Markt unterscheidet.<\/p>\t\t\t\t\t\t\t\t<\/div>\n\t\t\t\t<\/div>\n\t\t\t\t<div class=\"elementor-element elementor-element-3dd7cd0 elementor-widget elementor-widget-text-editor\" data-id=\"3dd7cd0\" data-element_type=\"widget\" data-e-type=\"widget\" data-widget_type=\"text-editor.default\">\n\t\t\t\t<div class=\"elementor-widget-container\">\n\t\t\t\t\t\t\t\t\t<p>Unter anderem, bieten wir folgende Dienstleistungen an:<\/p><ul><li>Bestimmung des Jahresbudgets und Festlegung der Gemeinschaftsquoten.<\/li><li>Erfassung aller wirtschaftlichen Aktivit\u00e4ten in der Gemeinschaft.<\/li><li>Zahlungen im Namen der Gemeinschaft.<\/li><li>Analyse der Einnahmen und Ausgaben.<\/li><li>Verwaltung des bankkontos der Gemeinschaft.<\/li><li>-Einforderung noch offenstehender Rechnungen.<\/li><li>Wir vergleichen Dienstleistungsvertr\u00e4ge j\u00e4hrlich mit neuen Angeboten, um die Kosten dieser zu senken oder auch an das aktuelle Angebot anzupassen.<\/li><li>Vorbereitung und Versand der Einberufung der Jahreshauptversammlung (AGM) und der Generalversammlungen.<\/li><li>Verfassung des Protokolls der Hauptversammlung auf Spanisch.<\/li><li>\u00dcbersetzung des Protokolls Ins Englische und Deutsche.<\/li><li>24 st\u00fcndiger Zugang zu unserem virtuellen B\u00fcro.<\/li><li>Die Beantragung und \u00dcberwachung von Instandhaltungsarbeiten und Reparaturen in gemeinschaftlichen Bereichen.<\/li><li>Verfassung von Wartungsvertr\u00e4gen.<\/li><li>Ausarbeitung von Datenschutzvertr\u00e4gen<\/li><li>Die rechtlichen Rahmenbedingungen analysieren die von der Gemeinschaft beachtet werden m\u00fcssen.<\/li><li>Weiterleitung von Reklamationen an ihre Versicherung.<\/li><li>Sie k\u00f6nnen bei uns die Inspektion von Aufz\u00fcgen und Feuerl\u00f6chern anfordern.<\/li><li>Betreuung der Gemeinschaft bei Formalit\u00e4ten mit dem Rathaus, mit der Steuerbeh\u00f6rde der balearen (ATIB), \u00a0des Staatlichem Finanzamt Spaniens (AEAT), ENDESA, Movistar und dem Wasserunternehmen, zum Beispiel.<\/li><li>Aufbewahrung der Dokumente der Gemeinschaft wie Akten, Rechnungen , Versicherungspolicen, Vertr\u00e4ge und der Korrespondenz f\u00fcr die durch die entsprechende Gesetzgebung festgelegte Zeiteinschaft.<\/li><\/ul>\t\t\t\t\t\t\t\t<\/div>\n\t\t\t\t<\/div>\n\t\t\t\t<div class=\"elementor-element elementor-element-ea10138 elementor-view-default elementor-widget elementor-widget-icon\" data-id=\"ea10138\" data-element_type=\"widget\" data-e-type=\"widget\" data-widget_type=\"icon.default\">\n\t\t\t\t<div class=\"elementor-widget-container\">\n\t\t\t\t\t\t\t<div class=\"elementor-icon-wrapper\">\n\t\t\t<div class=\"elementor-icon\">\n\t\t\t<i aria-hidden=\"true\" class=\"fas fa-star\"><\/i>\t\t\t<\/div>\n\t\t<\/div>\n\t\t\t\t\t\t<\/div>\n\t\t\t\t<\/div>\n\t\t\t\t\t<\/div>\n\t\t<\/div>\n\t\t\t\t<div class=\"elementor-column elementor-col-50 elementor-top-column elementor-element elementor-element-3741d29\" data-id=\"3741d29\" data-element_type=\"column\" data-e-type=\"column\">\n\t\t\t<div class=\"elementor-widget-wrap elementor-element-populated\">\n\t\t\t\t\t\t<div class=\"elementor-element elementor-element-27fa01a elementor-widget elementor-widget-image\" data-id=\"27fa01a\" data-element_type=\"widget\" data-e-type=\"widget\" data-widget_type=\"image.default\">\n\t\t\t\t<div class=\"elementor-widget-container\">\n\t\t\t\t\t\t\t\t\t\t\t\t\t\t\t<img fetchpriority=\"high\" decoding=\"async\" width=\"850\" height=\"450\" src=\"https:\/\/carlayacomini.com\/wp-content\/uploads\/2021\/02\/08-1.jpg\" class=\"attachment-large size-large wp-image-2327\" alt=\"\" srcset=\"https:\/\/carlayacomini.com\/wp-content\/uploads\/2021\/02\/08-1.jpg 850w, https:\/\/carlayacomini.com\/wp-content\/uploads\/2021\/02\/08-1-300x159.jpg 300w, https:\/\/carlayacomini.com\/wp-content\/uploads\/2021\/02\/08-1-768x407.jpg 768w, https:\/\/carlayacomini.com\/wp-content\/uploads\/2021\/02\/08-1-830x439.jpg 830w, https:\/\/carlayacomini.com\/wp-content\/uploads\/2021\/02\/08-1-230x122.jpg 230w, https:\/\/carlayacomini.com\/wp-content\/uploads\/2021\/02\/08-1-350x185.jpg 350w, https:\/\/carlayacomini.com\/wp-content\/uploads\/2021\/02\/08-1-480x254.jpg 480w\" sizes=\"(max-width: 850px) 100vw, 850px\" \/>\t\t\t\t\t\t\t\t\t\t\t\t\t\t\t<\/div>\n\t\t\t\t<\/div>\n\t\t\t\t\t<\/div>\n\t\t<\/div>\n\t\t\t\t\t<\/div>\n\t\t<\/section>\n\t\t\t\t<section class=\"elementor-section elementor-top-section elementor-element elementor-element-2669316 elementor-section-boxed elementor-section-height-default elementor-section-height-default\" data-id=\"2669316\" data-element_type=\"section\" data-e-type=\"section\">\n\t\t\t\t\t\t<div class=\"elementor-container elementor-column-gap-default\">\n\t\t\t\t\t<div class=\"elementor-column elementor-col-100 elementor-top-column elementor-element elementor-element-d862896\" data-id=\"d862896\" data-element_type=\"column\" data-e-type=\"column\">\n\t\t\t<div class=\"elementor-widget-wrap\">\n\t\t\t\t\t\t\t<\/div>\n\t\t<\/div>\n\t\t\t\t\t<\/div>\n\t\t<\/section>\n\t\t\t\t<section class=\"elementor-section elementor-top-section elementor-element elementor-element-cbac184 elementor-section-boxed elementor-section-height-default elementor-section-height-default\" data-id=\"cbac184\" data-element_type=\"section\" data-e-type=\"section\" data-settings=\"{&quot;background_background&quot;:&quot;classic&quot;}\">\n\t\t\t\t\t\t<div class=\"elementor-container elementor-column-gap-default\">\n\t\t\t\t\t<div class=\"elementor-column elementor-col-100 elementor-top-column elementor-element elementor-element-e213d43\" data-id=\"e213d43\" data-element_type=\"column\" data-e-type=\"column\">\n\t\t\t<div class=\"elementor-widget-wrap elementor-element-populated\">\n\t\t\t\t\t\t<div class=\"elementor-element elementor-element-e42e284 elementor-widget elementor-widget-text-editor\" data-id=\"e42e284\" data-element_type=\"widget\" data-e-type=\"widget\" data-widget_type=\"text-editor.default\">\n\t\t\t\t<div class=\"elementor-widget-container\">\n\t\t\t\t\t\t\t\t\t<p style=\"text-align: center;\"><strong>Haben Sie Fragen?<\/strong><\/p>\n<p style=\"text-align: center;\"><strong>M\u00f6chten Sie wissen ob wir Ihnen behilflich sein k\u00f6nnen?<\/strong><\/p>\n<p style=\"text-align: center;\"><a href=\"http:\/\/carlayacomini.com\/?page_id=1110&amp;lang=de\"><strong>Kontaktieren Sie uns. Vordern Sie einen Kostenvoranschlag an.<\/strong><\/a><\/p>\t\t\t\t\t\t\t\t<\/div>\n\t\t\t\t<\/div>\n\t\t\t\t\t<\/div>\n\t\t<\/div>\n\t\t\t\t\t<\/div>\n\t\t<\/section>\n\t\t\t\t<\/div>\n\t\t","protected":false},"excerpt":{"rendered":"<p>Umfassende Verwaltung von Eigent\u00fcmergemeinschaften. M\u00f6chten Sie unsere Dienstleistungen der Verwaltung von Eigent\u00fcmergemeinschaften in Anspruch nehmen interessiert Sie bestimmt was genau wir anbieten und was uns [&hellip;]<\/p>\n","protected":false},"author":1,"featured_media":0,"parent":0,"menu_order":0,"comment_status":"closed","ping_status":"closed","template":"page-templates\/page_front-page.php","meta":{"footnotes":""},"class_list":["post-1053","page","type-page","status-publish","hentry"],"aioseo_notices":[],"_links":{"self":[{"href":"https:\/\/carlayacomini.com\/index.php?rest_route=\/wp\/v2\/pages\/1053","targetHints":{"allow":["GET"]}}],"collection":[{"href":"https:\/\/carlayacomini.com\/index.php?rest_route=\/wp\/v2\/pages"}],"about":[{"href":"https:\/\/carlayacomini.com\/index.php?rest_route=\/wp\/v2\/types\/page"}],"author":[{"embeddable":true,"href":"https:\/\/carlayacomini.com\/index.php?rest_route=\/wp\/v2\/users\/1"}],"replies":[{"embeddable":true,"href":"https:\/\/carlayacomini.com\/index.php?rest_route=%2Fwp%2Fv2%2Fcomments&post=1053"}],"version-history":[{"count":35,"href":"https:\/\/carlayacomini.com\/index.php?rest_route=\/wp\/v2\/pages\/1053\/revisions"}],"predecessor-version":[{"id":2537,"href":"https:\/\/carlayacomini.com\/index.php?rest_route=\/wp\/v2\/pages\/1053\/revisions\/2537"}],"wp:attachment":[{"href":"https:\/\/carlayacomini.com\/index.php?rest_route=%2Fwp%2Fv2%2Fmedia&parent=1053"}],"curies":[{"name":"wp","href":"https:\/\/api.w.org\/{rel}","templated":true}]}}